{"id":100,"date":"2024-08-01T17:58:25","date_gmt":"2024-08-01T15:58:25","guid":{"rendered":"http:\/\/test8899.cooperlic.be\/?page_id=100"},"modified":"2026-03-12T10:08:43","modified_gmt":"2026-03-12T09:08:43","slug":"news","status":"publish","type":"page","link":"https:\/\/www.cooperlic.be\/index.php\/news\/","title":{"rendered":"News"},"content":{"rendered":"<ul>\n<li>\n<p><img decoding=\"async\" src=\"\/wp-content\/uploads\/2025\/02\/presse-e1739910585298.jpg\" alt=\"\"><\/p>\n<h3>On parle de nous <\/h3>\n<p><a href=\"https:\/\/www.cooperlic.be\/index.php\/cooperative\/on-parle-de-nous\/\">Dans la presse<\/a><\/p>\n<\/li>\n<li>\n<p><img decoding=\"async\" src=\"\/wp-content\/uploads\/2025\/02\/Capture-decran-2025-02-18-214001.jpg\" alt=\"\"><\/p>\n<h3>Notre \u00e9nergie<\/h3>\n<div>\n<p>Pour tout savoir &#8230;<\/p>\n<\/div>\n<p><a href=\"https:\/\/www.cooperlic.be\/index.php\/notre-energie\/\">Embarquez !<\/a><\/p>\n<\/li>\n<li>\n<h3>H\u00e9ron <\/h3>\n<div>\n<p>Une \u00e9olienne citoyenne \u00e0 H\u00e9ron en collaboration avec 2 autres coop\u00e9ratives<\/p>\n<\/div>\n<p><a href=\"https:\/\/www.cooperlic.be\/index.php\/heron\/\">En savoir plus !<\/a><\/p>\n<\/li>\n<\/ul>\n<p><!--more--><br \/>\n<!-- {\"type\":\"layout\",\"children\":[{\"type\":\"section\",\"props\":{\"image_position\":\"center-center\",\"style\":\"default\",\"title_breakpoint\":\"xl\",\"title_position\":\"top-left\",\"title_rotation\":\"left\",\"vertical_align\":\"\",\"width\":\"default\"},\"children\":[{\"type\":\"row\",\"children\":[{\"type\":\"column\",\"props\":{\"image_position\":\"center-center\",\"position_sticky_breakpoint\":\"m\"},\"children\":[{\"type\":\"grid\",\"props\":{\"content_column_breakpoint\":\"m\",\"filter_align\":\"left\",\"filter_all\":true,\"filter_grid_breakpoint\":\"m\",\"filter_grid_width\":\"auto\",\"filter_position\":\"top\",\"filter_style\":\"tab\",\"grid_default\":\"1\",\"grid_large\":\"3\",\"grid_medium\":\"3\",\"grid_small\":\"3\",\"grid_xlarge\":\"3\",\"icon_width\":80,\"image_align\":\"top\",\"image_grid_breakpoint\":\"m\",\"image_grid_width\":\"1-2\",\"image_svg_color\":\"emphasis\",\"item_animation\":true,\"link_style\":\"default\",\"link_text\":\"Read more\",\"margin\":\"default\",\"meta_align\":\"below-title\",\"meta_element\":\"div\",\"meta_style\":\"text-meta\",\"show_content\":true,\"show_image\":true,\"show_link\":true,\"show_meta\":true,\"show_title\":true,\"title_align\":\"top\",\"title_element\":\"h3\",\"title_grid_breakpoint\":\"m\",\"title_grid_width\":\"1-2\",\"title_hover_style\":\"reset\"},\"children\":[{\"type\":\"grid_item\",\"props\":{\"image\":\"wp-content\\\/uploads\\\/2025\\\/02\\\/presse-e1739910585298.jpg\",\"link\":\"https:\\\/\\\/www.cooperlic.be\\\/index.php\\\/cooperative\\\/on-parle-de-nous\\\/\",\"link_text\":\"Dans la presse\",\"title\":\"On parle de nous \"}},{\"type\":\"grid_item\",\"props\":{\"content\":\"\n\n<p><\\\/p>\\n\n\n<p>Pour tout savoir ...<\\\/p>\",\"image\":\"wp-content\\\/uploads\\\/2025\\\/02\\\/Capture-decran-2025-02-18-214001.jpg\",\"link\":\"https:\\\/\\\/www.cooperlic.be\\\/index.php\\\/notre-energie\\\/\",\"link_text\":\"Embarquez !\",\"title\":\"Notre \\u00e9nergie\"}},{\"type\":\"grid_item\",\"props\":{\"content\":\"\n\n<p>Une \\u00e9olienne citoyenne \\u00e0 H\\u00e9ron en collaboration avec 2 autres coop\\u00e9ratives<\\\/p>\",\"link\":\"https:\\\/\\\/www.cooperlic.be\\\/index.php\\\/heron\\\/\",\"link_text\":\"En savoir plus !\",\"title\":\"H\\u00e9ron \"}}]}]}]}]}],\"version\":\"4.4.6\"} --><\/p>\n","protected":false},"excerpt":{"rendered":"<p>On parle de nous Dans la presse Notre \u00e9nergie Pour tout savoir &#8230; Embarquez ! H\u00e9ron Une \u00e9olienne citoyenne \u00e0 H\u00e9ron en collaboration avec 2 autres coop\u00e9ratives En savoir plus !<\/p>\n","protected":false},"author":4,"featured_media":0,"parent":0,"menu_order":0,"comment_status":"closed","ping_status":"closed","template":"","meta":{"footnotes":""},"class_list":["post-100","page","type-page","status-publish","hentry"],"_links":{"self":[{"href":"https:\/\/www.cooperlic.be\/index.php\/wp-json\/wp\/v2\/pages\/100","targetHints":{"allow":["GET"]}}],"collection":[{"href":"https:\/\/www.cooperlic.be\/index.php\/wp-json\/wp\/v2\/pages"}],"about":[{"href":"https:\/\/www.cooperlic.be\/index.php\/wp-json\/wp\/v2\/types\/page"}],"author":[{"embeddable":true,"href":"https:\/\/www.cooperlic.be\/index.php\/wp-json\/wp\/v2\/users\/4"}],"replies":[{"embeddable":true,"href":"https:\/\/www.cooperlic.be\/index.php\/wp-json\/wp\/v2\/comments?post=100"}],"version-history":[{"count":26,"href":"https:\/\/www.cooperlic.be\/index.php\/wp-json\/wp\/v2\/pages\/100\/revisions"}],"predecessor-version":[{"id":1132,"href":"https:\/\/www.cooperlic.be\/index.php\/wp-json\/wp\/v2\/pages\/100\/revisions\/1132"}],"wp:attachment":[{"href":"https:\/\/www.cooperlic.be\/index.php\/wp-json\/wp\/v2\/media?parent=100"}],"curies":[{"name":"wp","href":"https:\/\/api.w.org\/{rel}","templated":true}]}}