{"id":1031,"date":"2025-08-08T16:52:59","date_gmt":"2025-08-08T14:52:59","guid":{"rendered":"https:\/\/www.cooperlic.be\/?page_id=1031"},"modified":"2025-12-09T18:43:47","modified_gmt":"2025-12-09T17:43:47","slug":"participez-au-circuit-cour-de-lenergie","status":"publish","type":"page","link":"https:\/\/www.cooperlic.be\/index.php\/participez-au-circuit-cour-de-lenergie\/","title":{"rendered":"Participez au circuit court de l&rsquo;\u00e9nergie"},"content":{"rendered":"<p><img decoding=\"async\" src=\"\/wp-content\/uploads\/2025\/08\/Banniere-web_paysage-scaled.png\" alt=\"\"><\/p>\n<h1>Participez au circuit court de l&rsquo;\u00e9nergie<\/h1>\n<div>\n<p>En prenant 3 parts chez CoopERLiC, vous pouvez devenir client chez COCITER.<\/p>\n<p>Devenir client chez COCITER, c&rsquo;est participer au circuit court de l&rsquo;\u00e9nergie.\u00a0<\/p>\n<\/div>\n<ul>\n<li>\n<div>\n<p><img loading=\"lazy\" decoding=\"async\" src=\"https:\/\/www.cooperlic.be\/wp-content\/uploads\/2025\/08\/cociter-img-circuitcourt-300x300.webp\" alt=\"\" width=\"300\" height=\"300\" class=\"alignnone size-medium wp-image-1034\" srcset=\"https:\/\/www.cooperlic.be\/wp-content\/uploads\/2025\/08\/cociter-img-circuitcourt-300x300.webp 300w, https:\/\/www.cooperlic.be\/wp-content\/uploads\/2025\/08\/cociter-img-circuitcourt-150x150.webp 150w, https:\/\/www.cooperlic.be\/wp-content\/uploads\/2025\/08\/cociter-img-circuitcourt-768x768.webp 768w, https:\/\/www.cooperlic.be\/wp-content\/uploads\/2025\/08\/cociter-img-circuitcourt.webp 1000w\" sizes=\"auto, (max-width: 300px) 100vw, 300px\" \/><\/p>\n<\/div>\n<\/li>\n<li>\n<h3>Participer au circuit court de l&rsquo;\u00e9nergie ?<\/h3>\n<div>\n<p>COCITER est le fournisseur d&rsquo;\u00e9nergie qui ach\u00e8te son \u00e9nergie aux coop\u00e9ratives !<\/p>\n<p>Donc quand vous devenez coop\u00e9rateur.trice, vous investissez dans de l&rsquo;\u00e9nergie verte et cela peut vous rapporter des dividences.\u00a0 Et <strong>si vous devenez client.e chez COCITER<\/strong>, vous achetez l&rsquo;\u00e9nergie que vous avez contribu\u00e9 \u00e0 produire.<\/p>\n<p>N&rsquo;est-ce pas merveilleux ?<\/p>\n<\/div>\n<\/li>\n<\/ul>\n<ul>\n<li>\n<h3>Pourquoi est-ce une bonne chose ?<\/h3>\n<div>\n<p>C&rsquo;est une bonne chose parce que :\u00a0<\/p>\n<ul>\n<li>En devenant client chez COCITER, vous favorisez des coop\u00e9ratives. Les coop\u00e9ratives, contrairement aux entreprises c\u00f4t\u00e9es en bourse, mettent les humains avant le profit !\u00a0<\/li>\n<li>Si il y a des profits, ils retournent dans votre poche, via les dividendes.<\/li>\n<li>Le prix de l&rsquo;\u00e9nergie que vous achetez est ma\u00eetris\u00e9 : comme l&rsquo;objectif n&rsquo;est pas le profit, lorsque les prix des fournisseurs classiques explosent, ceux des coop\u00e9ratives restent stables. Et au bout du compte, VOUS payez moins.<\/li>\n<\/ul>\n<\/div>\n<\/li>\n<li>\n<div>\n<p><img loading=\"lazy\" decoding=\"async\" src=\"https:\/\/www.cooperlic.be\/wp-content\/uploads\/2025\/12\/Circuit-court-de-lenergie-289x300.png\" alt=\"\" width=\"289\" height=\"300\" class=\"alignnone size-medium wp-image-1081\" srcset=\"https:\/\/www.cooperlic.be\/wp-content\/uploads\/2025\/12\/Circuit-court-de-lenergie-289x300.png 289w, https:\/\/www.cooperlic.be\/wp-content\/uploads\/2025\/12\/Circuit-court-de-lenergie-987x1024.png 987w, https:\/\/www.cooperlic.be\/wp-content\/uploads\/2025\/12\/Circuit-court-de-lenergie-768x797.png 768w, https:\/\/www.cooperlic.be\/wp-content\/uploads\/2025\/12\/Circuit-court-de-lenergie-1480x1536.png 1480w, https:\/\/www.cooperlic.be\/wp-content\/uploads\/2025\/12\/Circuit-court-de-lenergie-1973x2048.png 1973w\" sizes=\"auto, (max-width: 289px) 100vw, 289px\" \/><\/p>\n<\/div>\n<\/li>\n<\/ul>\n<div>\n<p>L\u00e0, normalement, vous avez compris que c&rsquo;est tout \u00e0 votre avantage de devenir coop\u00e9rateur chez nous, puis de devenir client chez COCITER.<\/p>\n<p>Donc n&rsquo;h\u00e9sitez plus\u00a0 et allez voir sur leur site :\u00a0<\/p>\n<\/p>\n<\/div>\n<p>\n    <a href=\"\/www.cociter.be\">Je veux devenir client chez COCITER<\/a>\n<\/p>\n<p><!--more--><br \/>\n<!-- {\"type\":\"layout\",\"children\":[{\"type\":\"section\",\"props\":{\"image_position\":\"center-center\",\"style\":\"default\",\"title_breakpoint\":\"xl\",\"title_position\":\"top-left\",\"title_rotation\":\"left\",\"vertical_align\":\"middle\",\"width\":\"default\"},\"children\":[{\"type\":\"row\",\"children\":[{\"type\":\"column\",\"props\":{\"image_position\":\"center-center\",\"position_sticky_breakpoint\":\"m\"},\"children\":[{\"type\":\"image\",\"props\":{\"image\":\"wp-content\\\/uploads\\\/2025\\\/08\\\/Banniere-web_paysage-scaled.png\",\"image_svg_color\":\"emphasis\",\"margin\":\"default\"}},{\"type\":\"headline\",\"props\":{\"content\":\"Participez au circuit court de l'\\u00e9nergie\",\"title_element\":\"h1\",\"title_style\":\"heading-medium\"}}]}]},{\"type\":\"row\",\"children\":[{\"type\":\"column\",\"props\":{\"image_position\":\"center-center\",\"position_sticky_breakpoint\":\"m\"},\"children\":[{\"type\":\"text\",\"props\":{\"column_breakpoint\":\"m\",\"content\":\"\n\n<p>En prenant 3 parts chez CoopERLiC, vous pouvez devenir client chez COCITER.<\\\/p>\\n\n\n<p>Devenir client chez COCITER, c'est participer au circuit court de l'\\u00e9nergie.\\u00a0<\\\/p>\",\"margin\":\"default\"}}]}]},{\"type\":\"row\",\"children\":[{\"type\":\"column\",\"props\":{\"image_position\":\"center-center\",\"position_sticky_breakpoint\":\"m\"},\"children\":[{\"type\":\"grid\",\"props\":{\"content_column_breakpoint\":\"m\",\"filter_align\":\"left\",\"filter_all\":true,\"filter_grid_breakpoint\":\"m\",\"filter_grid_width\":\"auto\",\"filter_position\":\"top\",\"filter_style\":\"tab\",\"grid_default\":\"1\",\"grid_medium\":\"2\",\"icon_width\":80,\"image_align\":\"top\",\"image_grid_breakpoint\":\"m\",\"image_grid_width\":\"1-2\",\"image_svg_color\":\"emphasis\",\"item_animation\":true,\"link_style\":\"default\",\"link_text\":\"Read more\",\"margin\":\"default\",\"meta_align\":\"below-title\",\"meta_element\":\"div\",\"meta_style\":\"text-meta\",\"show_content\":true,\"show_image\":true,\"show_link\":true,\"show_meta\":true,\"show_title\":true,\"title_align\":\"top\",\"title_element\":\"h3\",\"title_grid_breakpoint\":\"m\",\"title_grid_width\":\"1-2\",\"title_hover_style\":\"reset\"},\"children\":[{\"type\":\"grid_item\",\"props\":{\"content\":\"\n\n<p><img src=\\\"https:\\\/\\\/www.cooperlic.be\\\/wp-content\\\/uploads\\\/2025\\\/08\\\/cociter-img-circuitcourt-300x300.webp\\\" alt=\\\"\\\" width=\\\"300\\\" height=\\\"300\\\" class=\\\"alignnone size-medium wp-image-1034\\\" \\\/><\\\/p>\"}},{\"type\":\"grid_item\",\"props\":{\"content\":\"\n\n<p>COCITER est le fournisseur d'\\u00e9nergie qui ach\\u00e8te son \\u00e9nergie aux coop\\u00e9ratives !<\\\/p>\\n\n\n<p>Donc quand vous devenez coop\\u00e9rateur.trice, vous investissez dans de l'\\u00e9nergie verte et cela peut vous rapporter des dividences.\\u00a0 Et <strong>si vous devenez client.e chez COCITER<\\\/strong>, vous achetez l'\\u00e9nergie que vous avez contribu\\u00e9 \\u00e0 produire.<\\\/p>\\n\n\n<p>N'est-ce pas merveilleux ?<\\\/p>\",\"title\":\"Participer au circuit court de l'\\u00e9nergie ?\"}}]}]}]},{\"type\":\"row\",\"children\":[{\"type\":\"column\",\"props\":{\"image_position\":\"center-center\",\"position_sticky_breakpoint\":\"m\"},\"children\":[{\"type\":\"grid\",\"props\":{\"content_column_breakpoint\":\"m\",\"filter_align\":\"left\",\"filter_all\":true,\"filter_grid_breakpoint\":\"m\",\"filter_grid_width\":\"auto\",\"filter_position\":\"top\",\"filter_style\":\"tab\",\"grid_default\":\"1\",\"grid_medium\":\"2\",\"icon_width\":80,\"image_align\":\"top\",\"image_grid_breakpoint\":\"m\",\"image_grid_width\":\"1-2\",\"image_svg_color\":\"emphasis\",\"item_animation\":true,\"link_style\":\"default\",\"link_text\":\"Read more\",\"margin\":\"default\",\"meta_align\":\"below-title\",\"meta_element\":\"div\",\"meta_style\":\"text-meta\",\"show_content\":true,\"show_image\":true,\"show_link\":true,\"show_meta\":true,\"show_title\":true,\"title_align\":\"top\",\"title_element\":\"h3\",\"title_grid_breakpoint\":\"m\",\"title_grid_width\":\"1-2\",\"title_hover_style\":\"reset\"},\"children\":[{\"type\":\"grid_item\",\"props\":{\"content\":\"\n\n<p>C'est une bonne chose parce que :\\u00a0<\\\/p>\\n\n\n<ul>\\n\n\n<li>En devenant client chez COCITER, vous favorisez des coop\\u00e9ratives. Les coop\\u00e9ratives, contrairement aux entreprises c\\u00f4t\\u00e9es en bourse, mettent les humains avant le profit !\\u00a0<\\\/li>\\n\n\n<li>Si il y a des profits, ils retournent dans votre poche, via les dividendes.<\\\/li>\\n\n\n<li>Le prix de l'\\u00e9nergie que vous achetez est ma\\u00eetris\\u00e9 : comme l'objectif n'est pas le profit, lorsque les prix des fournisseurs classiques explosent, ceux des coop\\u00e9ratives restent stables. Et au bout du compte, VOUS payez moins.<\\\/li>\\n<\\\/ul>\\n\n\n<p><\\\/p>\",\"title\":\"Pourquoi est-ce une bonne chose ?\"}},{\"type\":\"grid_item\",\"props\":{\"content\":\"\n\n<p><img src=\\\"https:\\\/\\\/www.cooperlic.be\\\/wp-content\\\/uploads\\\/2025\\\/12\\\/Circuit-court-de-lenergie-289x300.png\\\" alt=\\\"\\\" width=\\\"289\\\" height=\\\"300\\\" class=\\\"alignnone size-medium wp-image-1081\\\" \\\/><\\\/p>\"}}]}]}]},{\"type\":\"row\",\"children\":[{\"type\":\"column\",\"props\":{\"image_position\":\"center-center\",\"position_sticky_breakpoint\":\"m\"},\"children\":[{\"type\":\"text\",\"props\":{\"column_breakpoint\":\"m\",\"content\":\"\n\n<p>L\\u00e0, normalement, vous avez compris que c'est tout \\u00e0 votre avantage de devenir coop\\u00e9rateur chez nous, puis de devenir client chez COCITER.<\\\/p>\\n\n\n<p>Donc n'h\\u00e9sitez plus\\u00a0 et allez voir sur leur site :\\u00a0<\\\/p>\\n\n\n<p><\\\/p>\",\"margin\":\"default\",\"text_color\":\"emphasis\"}}]}]},{\"type\":\"row\",\"children\":[{\"type\":\"column\",\"props\":{\"image_position\":\"center-center\",\"position_sticky_breakpoint\":\"m\"},\"children\":[{\"type\":\"button\",\"props\":{\"grid_column_gap\":\"small\",\"grid_row_gap\":\"small\",\"margin\":\"default\"},\"children\":[{\"type\":\"button_item\",\"props\":{\"button_style\":\"default\",\"content\":\"Je veux devenir client chez COCITER\",\"icon_align\":\"left\",\"link\":\"www.cociter.be\"}}]}]}]}]}],\"version\":\"4.4.6\"} --><\/p>\n","protected":false},"excerpt":{"rendered":"<p>Participez au circuit court de l&rsquo;\u00e9nergie En prenant 3 parts chez CoopERLiC, vous pouvez devenir client chez COCITER. Devenir client chez COCITER, c&rsquo;est participer au circuit court de l&rsquo;\u00e9nergie.\u00a0 Participer au circuit court de l&rsquo;\u00e9nergie ? COCITER est le fournisseur d&rsquo;\u00e9nergie qui ach\u00e8te son \u00e9nergie aux coop\u00e9ratives ! Donc quand vous devenez coop\u00e9rateur.trice, vous investissez [&hellip;]<\/p>\n","protected":false},"author":3,"featured_media":0,"parent":0,"menu_order":0,"comment_status":"closed","ping_status":"closed","template":"","meta":{"footnotes":""},"class_list":["post-1031","page","type-page","status-publish","hentry"],"_links":{"self":[{"href":"https:\/\/www.cooperlic.be\/index.php\/wp-json\/wp\/v2\/pages\/1031","targetHints":{"allow":["GET"]}}],"collection":[{"href":"https:\/\/www.cooperlic.be\/index.php\/wp-json\/wp\/v2\/pages"}],"about":[{"href":"https:\/\/www.cooperlic.be\/index.php\/wp-json\/wp\/v2\/types\/page"}],"author":[{"embeddable":true,"href":"https:\/\/www.cooperlic.be\/index.php\/wp-json\/wp\/v2\/users\/3"}],"replies":[{"embeddable":true,"href":"https:\/\/www.cooperlic.be\/index.php\/wp-json\/wp\/v2\/comments?post=1031"}],"version-history":[{"count":5,"href":"https:\/\/www.cooperlic.be\/index.php\/wp-json\/wp\/v2\/pages\/1031\/revisions"}],"predecessor-version":[{"id":1084,"href":"https:\/\/www.cooperlic.be\/index.php\/wp-json\/wp\/v2\/pages\/1031\/revisions\/1084"}],"wp:attachment":[{"href":"https:\/\/www.cooperlic.be\/index.php\/wp-json\/wp\/v2\/media?parent=1031"}],"curies":[{"name":"wp","href":"https:\/\/api.w.org\/{rel}","templated":true}]}}