{"id":254,"date":"2023-08-29T15:50:44","date_gmt":"2023-08-29T13:50:44","guid":{"rendered":"https:\/\/test8899.cooperlic.be\/?page_id=254"},"modified":"2025-04-15T12:24:54","modified_gmt":"2025-04-15T10:24:54","slug":"espace-cooperateur-trice","status":"publish","type":"page","link":"https:\/\/www.cooperlic.be\/index.php\/espace-cooperateur-trice\/","title":{"rendered":"Espace Coop\u00e9rateur-trice"},"content":{"rendered":"<div>\n<p><strong>Apr\u00e8s activation de votre compte<\/strong>, acc\u00e9dez \u00e0 vos donn\u00e9es personnelles via le bouton ci-dessous.<\/p>\n<\/div>\n<p>\n    <a href=\"https:\/\/coophub.cooperlic.be\/home\/be-fr\">CONNEXION \u00c0 COOPHUB<\/a>\n<\/p>\n<div>\n<p><span>Via cet acc\u00e8s, vous allez pouvoir modifier vos donn\u00e9es personnelles (adresse, num\u00e9ro de t\u00e9l\u00e9phone, mail, donn\u00e9es bancaires, &#8230;). Vous retrouverez \u00e9galement tous les documents importants li\u00e9s \u00e0 CoopERLiC (certificat de parts, attestation d&rsquo;achats, documents l\u00e9gaux, &#8230;).<\/span><\/p>\n<\/div>\n<p><!--more--><br \/>\n<!-- {\"type\":\"layout\",\"children\":[{\"type\":\"section\",\"props\":{\"image_position\":\"center-center\",\"style\":\"primary\",\"title_breakpoint\":\"xl\",\"title_position\":\"top-left\",\"title_rotation\":\"left\",\"vertical_align\":\"\",\"width\":\"default\"},\"children\":[{\"type\":\"row\",\"children\":[{\"type\":\"column\",\"props\":{\"image_position\":\"center-center\",\"position_sticky_breakpoint\":\"m\"},\"children\":[{\"type\":\"text\",\"props\":{\"column_breakpoint\":\"m\",\"content\":\"\n\n<p><strong>Apr\\u00e8s activation de votre compte<\\\/strong>, acc\\u00e9dez \\u00e0 vos donn\\u00e9es personnelles via le bouton ci-dessous.<\\\/p>\",\"margin\":\"default\",\"text_align\":\"center\",\"text_style\":\"large\"}},{\"type\":\"button\",\"props\":{\"grid_column_gap\":\"small\",\"grid_row_gap\":\"small\",\"margin\":\"default\",\"text_align\":\"center\"},\"children\":[{\"type\":\"button_item\",\"props\":{\"button_style\":\"danger\",\"content\":\"CONNEXION \\u00c0 COOPHUB\",\"icon_align\":\"left\",\"link\":\"https:\\\/\\\/coophub.cooperlic.be\\\/home\\\/be-fr\",\"link_target\":\"blank\"}}]},{\"type\":\"text\",\"props\":{\"column_breakpoint\":\"m\",\"content\":\"\n\n<p><span>Via cet acc\\u00e8s, vous allez pouvoir modifier vos donn\\u00e9es personnelles (adresse, num\\u00e9ro de t\\u00e9l\\u00e9phone, mail, donn\\u00e9es bancaires, ...). Vous retrouverez \\u00e9galement tous les documents importants li\\u00e9s \\u00e0 CoopERLiC (certificat de parts, attestation d'achats, documents l\\u00e9gaux, ...).<\\\/span><\\\/p>\",\"margin\":\"default\",\"text_align\":\"center\"}}]}]}]}],\"version\":\"4.4.6\"} --><\/p>\n","protected":false},"excerpt":{"rendered":"<p>Apr\u00e8s activation de votre compte, acc\u00e9dez \u00e0 vos donn\u00e9es personnelles via le bouton ci-dessous. CONNEXION \u00c0 COOPHUB Via cet acc\u00e8s, vous allez pouvoir modifier vos donn\u00e9es personnelles (adresse, num\u00e9ro de t\u00e9l\u00e9phone, mail, donn\u00e9es bancaires, &#8230;). Vous retrouverez \u00e9galement tous les documents importants li\u00e9s \u00e0 CoopERLiC (certificat de parts, attestation d&rsquo;achats, documents l\u00e9gaux, &#8230;).<\/p>\n","protected":false},"author":4,"featured_media":0,"parent":0,"menu_order":0,"comment_status":"closed","ping_status":"closed","template":"","meta":{"footnotes":""},"class_list":["post-254","page","type-page","status-publish","hentry"],"_links":{"self":[{"href":"https:\/\/www.cooperlic.be\/index.php\/wp-json\/wp\/v2\/pages\/254","targetHints":{"allow":["GET"]}}],"collection":[{"href":"https:\/\/www.cooperlic.be\/index.php\/wp-json\/wp\/v2\/pages"}],"about":[{"href":"https:\/\/www.cooperlic.be\/index.php\/wp-json\/wp\/v2\/types\/page"}],"author":[{"embeddable":true,"href":"https:\/\/www.cooperlic.be\/index.php\/wp-json\/wp\/v2\/users\/4"}],"replies":[{"embeddable":true,"href":"https:\/\/www.cooperlic.be\/index.php\/wp-json\/wp\/v2\/comments?post=254"}],"version-history":[{"count":7,"href":"https:\/\/www.cooperlic.be\/index.php\/wp-json\/wp\/v2\/pages\/254\/revisions"}],"predecessor-version":[{"id":1024,"href":"https:\/\/www.cooperlic.be\/index.php\/wp-json\/wp\/v2\/pages\/254\/revisions\/1024"}],"wp:attachment":[{"href":"https:\/\/www.cooperlic.be\/index.php\/wp-json\/wp\/v2\/media?parent=254"}],"curies":[{"name":"wp","href":"https:\/\/api.w.org\/{rel}","templated":true}]}}