{"id":566,"date":"2024-06-25T14:44:56","date_gmt":"2024-06-25T12:44:56","guid":{"rendered":"https:\/\/test8899.cooperlic.be\/?page_id=566"},"modified":"2024-06-26T09:32:11","modified_gmt":"2024-06-26T07:32:11","slug":"acp-avroy","status":"publish","type":"page","link":"https:\/\/www.cooperlic.be\/index.php\/acp-avroy\/","title":{"rendered":"ACP Avroy"},"content":{"rendered":"<h1>Nos r\u00e9alisations<\/h1>\n<h1>\n<p><b>ACP Bois d\u2019Avroy \u2013 b\u00e2timent A (Li\u00e8ge p\u00e9riph\u00e9rie) &#8211; SIARE<\/b><\/p>\n<\/h1>\n<div>\n<p>Ce b\u00e2timent, compos\u00e9 de 246 appartements et 6 commerces construits entre 1968 et 1970, pr\u00e9sente des d\u00e9fis \u00e9nerg\u00e9tiques majeurs, tels que des murs non isol\u00e9s et des fa\u00e7ades vitr\u00e9es majoritairement en simple vitrage. Les chaudi\u00e8res obsol\u00e8tes fonctionnent au gaz, avec une isolation partielle des conduites de chauffage.<\/p>\n<p>Actuellement d\u00e9pourvu de ventilation contr\u00f4l\u00e9e et de sources d&rsquo;\u00e9nergie renouvelable, l\u2019audit \u00e9nerg\u00e9tique complet est en phase de finalisation pour d\u00e9but 2024, jetant ainsi les bases d&rsquo;une feuille de route de r\u00e9novation. Les prochaines \u00e9tapes impliqueront le financement, la prise de d\u00e9cisions collectives et le lancement des travaux pour la p\u00e9riode 2024-2026.<\/p>\n<\/div>\n<p><img decoding=\"async\" src=\"\/wp-content\/uploads\/2024\/06\/bois-avroy.jpg\" alt=\"\"><\/p>\n<p><!--more--><br \/>\n<!-- {\"type\":\"layout\",\"children\":[{\"name\":\"R\\u00e9alisation\",\"type\":\"section\",\"props\":{\"image_position\":\"center-center\",\"padding\":\"large\",\"style\":\"secondary\",\"title_breakpoint\":\"xl\",\"title_position\":\"top-left\",\"title_rotation\":\"left\",\"vertical_align\":\"\",\"width\":\"xlarge\"},\"children\":[{\"type\":\"row\",\"children\":[{\"type\":\"column\",\"props\":{\"image_position\":\"center-center\",\"position_sticky_breakpoint\":\"m\"},\"children\":[{\"type\":\"headline\",\"props\":{\"content\":\"Nos r\\u00e9alisations\",\"text_align\":\"left\",\"title_color\":\"success\",\"title_decoration\":\"bullet\",\"title_element\":\"h1\"}}]}]},{\"type\":\"row\",\"children\":[{\"type\":\"column\",\"props\":{\"image_position\":\"center-center\",\"position_sticky_breakpoint\":\"m\",\"width_medium\":\"1-2\"},\"children\":[{\"type\":\"headline\",\"props\":{\"content\":\"\n\n<p><b>ACP Bois d\\u2019Avroy \\u2013 b\\u00e2timent A (Li\\u00e8ge p\\u00e9riph\\u00e9rie) - SIARE<\\\/b><\\\/p>\",\"text_align\":\"left\",\"title_element\":\"h1\",\"title_font_family\":\"secondary\",\"title_style\":\"h3\"}},{\"type\":\"text\",\"props\":{\"block_align\":\"center\",\"column_breakpoint\":\"m\",\"content\":\"\n\n<p>Ce b\\u00e2timent, compos\\u00e9 de 246 appartements et 6 commerces construits entre 1968 et 1970, pr\\u00e9sente des d\\u00e9fis \\u00e9nerg\\u00e9tiques majeurs, tels que des murs non isol\\u00e9s et des fa\\u00e7ades vitr\\u00e9es majoritairement en simple vitrage. Les chaudi\\u00e8res obsol\\u00e8tes fonctionnent au gaz, avec une isolation partielle des conduites de chauffage.<\\\/p>\\n\n\n<p>Actuellement d\\u00e9pourvu de ventilation contr\\u00f4l\\u00e9e et de sources d'\\u00e9nergie renouvelable, l\\u2019audit \\u00e9nerg\\u00e9tique complet est en phase de finalisation pour d\\u00e9but 2024, jetant ainsi les bases d'une feuille de route de r\\u00e9novation. Les prochaines \\u00e9tapes impliqueront le financement, la prise de d\\u00e9cisions collectives et le lancement des travaux pour la p\\u00e9riode 2024-2026.<\\\/p>\",\"margin\":\"default\",\"maxwidth\":\"xlarge\",\"text_align\":\"left\"}}]},{\"type\":\"column\",\"props\":{\"image_position\":\"center-center\",\"position_sticky_breakpoint\":\"m\",\"width_medium\":\"1-2\"},\"children\":[{\"type\":\"image\",\"props\":{\"image\":\"wp-content\\\/uploads\\\/2024\\\/06\\\/bois-avroy.jpg\",\"image_svg_color\":\"emphasis\",\"margin\":\"default\"}}]}],\"props\":{\"layout\":\"1-2,1-2\"}},{\"type\":\"row\",\"children\":[{\"type\":\"column\",\"props\":{\"image_position\":\"center-center\",\"position_sticky_breakpoint\":\"m\"}}]}]},{\"type\":\"section\",\"props\":{\"image_position\":\"center-center\",\"style\":\"default\",\"title_breakpoint\":\"xl\",\"title_position\":\"top-left\",\"title_rotation\":\"left\",\"vertical_align\":\"middle\",\"width\":\"default\"},\"children\":[{\"type\":\"row\",\"children\":[{\"type\":\"column\",\"props\":{\"image_position\":\"center-center\",\"position_sticky_breakpoint\":\"m\"}}]}]}],\"version\":\"4.4.4\"} --><\/p>\n","protected":false},"excerpt":{"rendered":"<p>Nos r\u00e9alisations ACP Bois d\u2019Avroy \u2013 b\u00e2timent A (Li\u00e8ge p\u00e9riph\u00e9rie) &#8211; SIARE Ce b\u00e2timent, compos\u00e9 de 246 appartements et 6 commerces construits entre 1968 et 1970, pr\u00e9sente des d\u00e9fis \u00e9nerg\u00e9tiques majeurs, tels que des murs non isol\u00e9s et des fa\u00e7ades vitr\u00e9es majoritairement en simple vitrage. Les chaudi\u00e8res obsol\u00e8tes fonctionnent au gaz, avec une isolation partielle [&hellip;]<\/p>\n","protected":false},"author":4,"featured_media":0,"parent":0,"menu_order":0,"comment_status":"closed","ping_status":"closed","template":"","meta":{"footnotes":""},"class_list":["post-566","page","type-page","status-publish","hentry"],"_links":{"self":[{"href":"https:\/\/www.cooperlic.be\/index.php\/wp-json\/wp\/v2\/pages\/566","targetHints":{"allow":["GET"]}}],"collection":[{"href":"https:\/\/www.cooperlic.be\/index.php\/wp-json\/wp\/v2\/pages"}],"about":[{"href":"https:\/\/www.cooperlic.be\/index.php\/wp-json\/wp\/v2\/types\/page"}],"author":[{"embeddable":true,"href":"https:\/\/www.cooperlic.be\/index.php\/wp-json\/wp\/v2\/users\/4"}],"replies":[{"embeddable":true,"href":"https:\/\/www.cooperlic.be\/index.php\/wp-json\/wp\/v2\/comments?post=566"}],"version-history":[{"count":4,"href":"https:\/\/www.cooperlic.be\/index.php\/wp-json\/wp\/v2\/pages\/566\/revisions"}],"predecessor-version":[{"id":633,"href":"https:\/\/www.cooperlic.be\/index.php\/wp-json\/wp\/v2\/pages\/566\/revisions\/633"}],"wp:attachment":[{"href":"https:\/\/www.cooperlic.be\/index.php\/wp-json\/wp\/v2\/media?parent=566"}],"curies":[{"name":"wp","href":"https:\/\/api.w.org\/{rel}","templated":true}]}}