{"id":57,"date":"2023-08-25T12:55:05","date_gmt":"2023-08-25T10:55:05","guid":{"rendered":"http:\/\/test8899.cooperlic.be\/?page_id=57"},"modified":"2025-02-12T17:02:51","modified_gmt":"2025-02-12T16:02:51","slug":"notre-equipe","status":"publish","type":"page","link":"https:\/\/www.cooperlic.be\/index.php\/cooperative\/notre-equipe\/","title":{"rendered":"Notre \u00e9quipe"},"content":{"rendered":"<p><img decoding=\"async\" src=\"\/wp-content\/uploads\/2024\/06\/team.jpg\" alt=\"\"><\/p>\n<h1>\n<p><span>Notre \u00e9quipe, c&rsquo;est vous \u2026<\/span><\/p>\n<\/h1>\n<div>\n<p>Mais aussi un travailleur et un organe d\u2019administration compos\u00e9 de 6 citoyen.ne.s (3 hommes et 3 femmes), aux profils divers et vari\u00e9s pour mieux appr\u00e9hender les d\u00e9fis techniques, financiers, sociaux. Ils\/Elles s\u2019investissent \u00e0 titre personnel et b\u00e9n\u00e9vole. <span style=\"color: #ffc000;\">Une \u00e9quipe multidisciplinaire pleine d&rsquo;\u00e9nergie. <\/span>Nos profils sont divers et vari\u00e9s pour mieux appr\u00e9hender les d\u00e9fis techniques, financiers, sociaux.<\/p>\n<\/div>\n<hr>\n<h2>\n<p><span style=\"color: #ffc000;\">Travailleurs<\/span><\/p>\n<\/h2>\n<ul>\n<li>\n<p><img decoding=\"async\" src=\"\/wp-content\/uploads\/2023\/08\/Image-6-2.jpg\" alt=\"\"><\/p>\n<h2>Stephan LUX<\/h2>\n<p>Coordinateur CoopERLiC et Conseiller en r\u00e9novation \u00e9nerg\u00e9tique<\/p>\n<div>\n<p>Fort d&rsquo;une exp\u00e9rience de 20 ans en tant que gestionnaire de patrimoine, Stephan se distingue par sa profonde expertise dans la gestion financi\u00e8re, le montage de dossiers, le suivi de travaux ainsi que de l\u2019accompagnement de l\u2019humain. Dot\u00e9 d&rsquo;une vision strat\u00e9gique, il a guid\u00e9 avec succ\u00e8s ses clients vers des solutions personnalis\u00e9es.<\/p>\n<\/div>\n<\/li>\n<li>\n<p><img decoding=\"async\" src=\"\/wp-content\/uploads\/2024\/06\/michel.jpg\" alt=\"\"><\/p>\n<h2>Michel SIMAR<\/h2>\n<p>Technicien Coordinateur en R\u00e9novation \u00c9nerg\u00e9tique et Conseiller Assistant \u00e0 la ma\u00eetrise d\u2019ouvrage<\/p>\n<div>\n<p>Technicien en construction depuis plus de 25 ans, il incarne l&rsquo;engagement envers le respect de l&rsquo;environnement et du vivant dans son parcours professionnel. Son expertise technique alli\u00e9e \u00e0 une vision \u00e9thique en font un acteur cl\u00e9 pour ceux cherchant \u00e0 concilier responsabilit\u00e9 professionnelle et valeurs environnementales dans le domaine de la construction.<\/p>\n<\/div>\n<\/li>\n<\/ul>\n<hr>\n<h2>\n<p><span style=\"color: #ffc000;\">Organe d&rsquo;Administration<\/span><\/p>\n<\/h2>\n<div>\n<p>Il est actuellement compos\u00e9 de 6 citoyen.ne.s (3 hommes et 3 femmes). Iels s\u2019investissent \u00e0 titre personnel et b\u00e9n\u00e9vole.<\/p>\n<\/div>\n<ul>\n<li>\n<p><img decoding=\"async\" src=\"\/wp-content\/uploads\/2023\/08\/Image-7-2.jpg\" alt=\"\"><\/p>\n<h2>Jean-Pierre Balthasar<\/h2>\n<p>Administrateur<\/p>\n<div>\n<p>Avocat, agriculteur engag\u00e9<\/p>\n<\/div>\n<\/li>\n<li>\n<p><img decoding=\"async\" src=\"\/wp-content\/uploads\/2023\/08\/Image-8-2.jpg\" alt=\"\"><\/p>\n<h2>Fabrice Collignon<\/h2>\n<p>Administrateur<\/p>\n<div>\n<p>Entrepreneur social coop\u00e9ratif compulsif<\/p>\n<\/div>\n<\/li>\n<li>\n<p><img decoding=\"async\" src=\"\/wp-content\/uploads\/2023\/08\/Image-9-2.jpg\" alt=\"\"><\/p>\n<h2>Sandra Corman<\/h2>\n<p>Administratrice<\/p>\n<div>\n<p>Ing\u00e9nieure commerciale. Adepte de la m\u00e9thode des petits pas.<\/p>\n<\/div>\n<\/li>\n<li>\n<p><img decoding=\"async\" src=\"\/wp-content\/uploads\/2023\/08\/Image-10-2.jpg\" alt=\"\"><\/p>\n<h2>David Dew\u00e9<\/h2>\n<p>Administrateur<\/p>\n<div>\n<p>Ing\u00e9nieur orient\u00e9 r\u00e9sultats, tout en combinant rigueur et agilit\u00e9<\/p>\n<\/div>\n<\/li>\n<li>\n<p><img decoding=\"async\" src=\"\/wp-content\/uploads\/2023\/08\/Image-11-2.jpg\" alt=\"\"><\/p>\n<h2>Anne-Pascale Seron<\/h2>\n<p>Administratrice<\/p>\n<div>\n<p>Assistante de direction, primesauti\u00e8re et dancing queen<\/p>\n<\/div>\n<\/li>\n<li>\n<p><img decoding=\"async\" src=\"\/wp-content\/uploads\/2023\/08\/Image-12-2.jpg\" alt=\"\"><\/p>\n<h2>Brigitte Vandermeer<\/h2>\n<p>Administratrice<\/p>\n<div>\n<p>Touche-\u00e0-tout geek et \u00e9pist\u00e9mophile<\/p>\n<\/div>\n<\/li>\n<\/ul>\n<p><!--more--><br \/>\n<!-- {\"type\":\"layout\",\"children\":[{\"name\":\"Hero\",\"type\":\"section\",\"props\":{\"css\":\".el-section > [class*='uk-background-'] {\\n    min-height: 40vh;\\n}\",\"image_position\":\"center-center\",\"padding\":\"none\",\"style\":\"default\",\"title_breakpoint\":\"xl\",\"title_position\":\"top-left\",\"title_rotation\":\"left\",\"vertical_align\":\"\",\"width\":\"\"},\"children\":[{\"type\":\"row\",\"children\":[{\"type\":\"column\",\"props\":{\"image_position\":\"center-center\",\"position_sticky_breakpoint\":\"m\",\"width_medium\":\"1-1\"},\"children\":[{\"type\":\"image\",\"props\":{\"image\":\"wp-content\\\/uploads\\\/2024\\\/06\\\/team.jpg\",\"image_loading\":true,\"image_svg_color\":\"emphasis\",\"margin\":\"default\"}}]}]}]},{\"name\":\"Team\",\"type\":\"section\",\"props\":{\"image_position\":\"center-center\",\"padding\":\"large\",\"style\":\"default\",\"title_breakpoint\":\"xl\",\"title_position\":\"top-left\",\"title_rotation\":\"left\",\"vertical_align\":\"\",\"width\":\"xlarge\"},\"children\":[{\"type\":\"row\",\"children\":[{\"type\":\"column\",\"props\":{\"image_position\":\"center-center\",\"position_sticky_breakpoint\":\"m\",\"width_medium\":\"1-1\"},\"children\":[{\"type\":\"headline\",\"props\":{\"content\":\"\n\n<p><span>Notre \\u00e9quipe, c'est vous \\u2026<\\\/span><\\\/p>\",\"text_align\":\"center\",\"title_element\":\"h1\",\"title_font_family\":\"secondary\",\"title_style\":\"heading-small\"}},{\"type\":\"text\",\"props\":{\"block_align\":\"center\",\"column_breakpoint\":\"m\",\"content\":\"\n\n<p>Mais aussi un travailleur et un organe d\\u2019administration compos\\u00e9 de 6 citoyen.ne.s (3 hommes et 3 femmes), aux profils divers et vari\\u00e9s pour mieux appr\\u00e9hender les d\\u00e9fis techniques, financiers, sociaux. Ils\\\/Elles s\\u2019investissent \\u00e0 titre personnel et b\\u00e9n\\u00e9vole. <span style=\\\"color: #ffc000;\\\">Une \\u00e9quipe multidisciplinaire pleine d'\\u00e9nergie. <\\\/span>Nos profils sont divers et vari\\u00e9s pour mieux appr\\u00e9hender les d\\u00e9fis techniques, financiers, sociaux.<\\\/p>\",\"margin\":\"default\",\"maxwidth\":\"xlarge\",\"text_align\":\"center\"}},{\"type\":\"divider\",\"props\":{\"divider_element\":\"hr\"}},{\"type\":\"headline\",\"props\":{\"content\":\"\n\n<p><span style=\\\"color: #ffc000;\\\">Travailleurs<\\\/span><\\\/p>\",\"text_align\":\"center\",\"title_element\":\"h2\",\"title_font_family\":\"secondary\",\"title_style\":\"h3\"}},{\"type\":\"grid\",\"props\":{\"content_column_breakpoint\":\"m\",\"filter_align\":\"left\",\"filter_all\":true,\"filter_grid_breakpoint\":\"m\",\"filter_grid_width\":\"auto\",\"filter_position\":\"top\",\"filter_style\":\"tab\",\"grid_column_align\":true,\"grid_default\":\"2\",\"grid_large\":\"4\",\"grid_medium\":\"3\",\"icon_width\":80,\"image_align\":\"top\",\"image_border\":\"circle\",\"image_box_shadow\":\"medium\",\"image_grid_breakpoint\":\"m\",\"image_grid_width\":\"1-2\",\"image_loading\":true,\"image_svg_color\":\"emphasis\",\"image_width\":\"440\",\"item_animation\":true,\"link_style\":\"default\",\"link_text\":\"Read more\",\"margin\":\"large\",\"meta_align\":\"below-title\",\"meta_element\":\"div\",\"meta_margin\":\"remove\",\"meta_style\":\"\",\"parallax_easing\":\"1\",\"show_content\":true,\"show_image\":true,\"show_link\":true,\"show_meta\":true,\"show_title\":true,\"text_align\":\"center\",\"title_align\":\"top\",\"title_element\":\"h2\",\"title_grid_breakpoint\":\"m\",\"title_grid_width\":\"1-2\",\"title_hover_style\":\"reset\",\"title_style\":\"h4\"},\"children\":[{\"type\":\"grid_item\",\"props\":{\"content\":\"\n\n<p>Fort d'une exp\\u00e9rience de 20 ans en tant que gestionnaire de patrimoine, Stephan se distingue par sa profonde expertise dans la gestion financi\\u00e8re, le montage de dossiers, le suivi de travaux ainsi que de l\\u2019accompagnement de l\\u2019humain. Dot\\u00e9 d'une vision strat\\u00e9gique, il a guid\\u00e9 avec succ\\u00e8s ses clients vers des solutions personnalis\\u00e9es.<\\\/p>\",\"image\":\"wp-content\\\/uploads\\\/2023\\\/08\\\/Image-6-2.jpg\",\"meta\":\"Coordinateur CoopERLiC et Conseiller en r\\u00e9novation \\u00e9nerg\\u00e9tique\",\"title\":\"Stephan LUX\"}},{\"type\":\"grid_item\",\"props\":{\"content\":\"\n\n<p>Technicien en construction depuis plus de 25 ans, il incarne l'engagement envers le respect de l'environnement et du vivant dans son parcours professionnel. Son expertise technique alli\\u00e9e \\u00e0 une vision \\u00e9thique en font un acteur cl\\u00e9 pour ceux cherchant \\u00e0 concilier responsabilit\\u00e9 professionnelle et valeurs environnementales dans le domaine de la construction.<\\\/p>\",\"image\":\"wp-content\\\/uploads\\\/2024\\\/06\\\/michel.jpg\",\"meta\":\"Technicien Coordinateur en R\\u00e9novation \\u00c9nerg\\u00e9tique et Conseiller Assistant \\u00e0 la ma\\u00eetrise d\\u2019ouvrage\",\"title\":\"Michel SIMAR\"}}]},{\"type\":\"divider\",\"props\":{\"divider_element\":\"hr\"}},{\"type\":\"headline\",\"props\":{\"content\":\"\n\n<p><span style=\\\"color: #ffc000;\\\">Organe d'Administration<\\\/span><\\\/p>\",\"text_align\":\"center\",\"title_element\":\"h2\",\"title_font_family\":\"secondary\",\"title_style\":\"h3\"}},{\"type\":\"text\",\"props\":{\"column_breakpoint\":\"m\",\"content\":\"\n\n<p>Il est actuellement compos\\u00e9 de 6 citoyen.ne.s (3 hommes et 3 femmes). Iels s\\u2019investissent \\u00e0 titre personnel et b\\u00e9n\\u00e9vole.<\\\/p>\",\"margin\":\"default\",\"text_align\":\"center\"}},{\"type\":\"grid\",\"props\":{\"content_column_breakpoint\":\"m\",\"filter_align\":\"left\",\"filter_all\":true,\"filter_grid_breakpoint\":\"m\",\"filter_grid_width\":\"auto\",\"filter_position\":\"top\",\"filter_style\":\"tab\",\"grid_column_align\":true,\"grid_default\":\"2\",\"grid_large\":\"4\",\"grid_medium\":\"3\",\"icon_width\":80,\"image_align\":\"top\",\"image_border\":\"circle\",\"image_box_shadow\":\"medium\",\"image_grid_breakpoint\":\"m\",\"image_grid_width\":\"1-2\",\"image_loading\":true,\"image_svg_color\":\"emphasis\",\"image_width\":\"440\",\"item_animation\":true,\"link_style\":\"default\",\"link_text\":\"Read more\",\"margin\":\"large\",\"meta_align\":\"below-title\",\"meta_element\":\"div\",\"meta_margin\":\"remove\",\"meta_style\":\"\",\"parallax_easing\":\"1\",\"show_content\":true,\"show_image\":true,\"show_link\":true,\"show_meta\":true,\"show_title\":true,\"text_align\":\"center\",\"title_align\":\"top\",\"title_element\":\"h2\",\"title_grid_breakpoint\":\"m\",\"title_grid_width\":\"1-2\",\"title_hover_style\":\"reset\",\"title_style\":\"h4\"},\"children\":[{\"type\":\"grid_item\",\"props\":{\"content\":\"\n\n<p>Avocat, agriculteur engag\\u00e9<\\\/p>\",\"image\":\"wp-content\\\/uploads\\\/2023\\\/08\\\/Image-7-2.jpg\",\"meta\":\"Administrateur\",\"title\":\"Jean-Pierre Balthasar\"}},{\"type\":\"grid_item\",\"props\":{\"content\":\"\n\n<p>Entrepreneur social coop\\u00e9ratif compulsif<\\\/p>\",\"image\":\"wp-content\\\/uploads\\\/2023\\\/08\\\/Image-8-2.jpg\",\"meta\":\"Administrateur\",\"title\":\"Fabrice Collignon\"}},{\"type\":\"grid_item\",\"props\":{\"content\":\"\n\n<p>Ing\\u00e9nieure commerciale. Adepte de la m\\u00e9thode des petits pas.<\\\/p>\",\"image\":\"wp-content\\\/uploads\\\/2023\\\/08\\\/Image-9-2.jpg\",\"meta\":\"Administratrice\",\"title\":\"Sandra Corman\"}},{\"type\":\"grid_item\",\"props\":{\"content\":\"\n\n<p>Ing\\u00e9nieur orient\\u00e9 r\\u00e9sultats, tout en combinant rigueur et agilit\\u00e9<\\\/p>\",\"image\":\"wp-content\\\/uploads\\\/2023\\\/08\\\/Image-10-2.jpg\",\"meta\":\"Administrateur\",\"title\":\"David Dew\\u00e9\"}},{\"type\":\"grid_item\",\"props\":{\"content\":\"\n\n<p>Assistante de direction, primesauti\\u00e8re et dancing queen<\\\/p>\",\"image\":\"wp-content\\\/uploads\\\/2023\\\/08\\\/Image-11-2.jpg\",\"meta\":\"Administratrice\",\"title\":\"Anne-Pascale Seron\"}},{\"type\":\"grid_item\",\"props\":{\"content\":\"\n\n<p>Touche-\\u00e0-tout geek et \\u00e9pist\\u00e9mophile<\\\/p>\",\"image\":\"wp-content\\\/uploads\\\/2023\\\/08\\\/Image-12-2.jpg\",\"meta\":\"Administratrice\",\"title\":\"Brigitte Vandermeer\"}}]}]}]}]}],\"version\":\"4.4.6\"} --><\/p>\n","protected":false},"excerpt":{"rendered":"<p>Notre \u00e9quipe, c&rsquo;est vous \u2026 Mais aussi un travailleur et un organe d\u2019administration compos\u00e9 de 6 citoyen.ne.s (3 hommes et 3 femmes), aux profils divers et vari\u00e9s pour mieux appr\u00e9hender les d\u00e9fis techniques, financiers, sociaux. Ils\/Elles s\u2019investissent \u00e0 titre personnel et b\u00e9n\u00e9vole. Une \u00e9quipe multidisciplinaire pleine d&rsquo;\u00e9nergie. Nos profils sont divers et vari\u00e9s pour mieux [&hellip;]<\/p>\n","protected":false},"author":4,"featured_media":0,"parent":54,"menu_order":2,"comment_status":"closed","ping_status":"closed","template":"","meta":{"footnotes":""},"class_list":["post-57","page","type-page","status-publish","hentry"],"_links":{"self":[{"href":"https:\/\/www.cooperlic.be\/index.php\/wp-json\/wp\/v2\/pages\/57","targetHints":{"allow":["GET"]}}],"collection":[{"href":"https:\/\/www.cooperlic.be\/index.php\/wp-json\/wp\/v2\/pages"}],"about":[{"href":"https:\/\/www.cooperlic.be\/index.php\/wp-json\/wp\/v2\/types\/page"}],"author":[{"embeddable":true,"href":"https:\/\/www.cooperlic.be\/index.php\/wp-json\/wp\/v2\/users\/4"}],"replies":[{"embeddable":true,"href":"https:\/\/www.cooperlic.be\/index.php\/wp-json\/wp\/v2\/comments?post=57"}],"version-history":[{"count":22,"href":"https:\/\/www.cooperlic.be\/index.php\/wp-json\/wp\/v2\/pages\/57\/revisions"}],"predecessor-version":[{"id":969,"href":"https:\/\/www.cooperlic.be\/index.php\/wp-json\/wp\/v2\/pages\/57\/revisions\/969"}],"up":[{"embeddable":true,"href":"https:\/\/www.cooperlic.be\/index.php\/wp-json\/wp\/v2\/pages\/54"}],"wp:attachment":[{"href":"https:\/\/www.cooperlic.be\/index.php\/wp-json\/wp\/v2\/media?parent=57"}],"curies":[{"name":"wp","href":"https:\/\/api.w.org\/{rel}","templated":true}]}}