{"id":576,"date":"2024-06-25T14:46:15","date_gmt":"2024-06-25T12:46:15","guid":{"rendered":"https:\/\/test8899.cooperlic.be\/?page_id=576"},"modified":"2024-06-26T09:49:00","modified_gmt":"2024-06-26T07:49:00","slug":"ruche","status":"publish","type":"page","link":"https:\/\/www.cooperlic.be\/index.php\/ruche\/","title":{"rendered":"ruche"},"content":{"rendered":"<h1>Nos r\u00e9alisations<\/h1>\n<h1>\n<p><b>La ruche des bayards \u2013 Production en tiers-payant<\/b><\/p>\n<\/h1>\n<div>\n<p>Bas\u00e9e \u00e0 Li\u00e8ge, la coop\u00e9rative LES BIENS COMMUNAUX fait appel \u00e0 l\u2019\u00e9pargne citoyenne pour cr\u00e9er des lieux de vie et de travail pour les associations et les petites structures cr\u00e9atives.<\/p>\n<p>La coop\u00e9rative a acquis au c\u0153ur du quartier Saint-L\u00e9onard, rue des Bayards 67, une ancienne usine d\u2019armurerie (devenue ensuite garage automobile). L\u2019immeuble \u00e9t\u00e9 transform\u00e9 entre 2017 et 2022 en un lieu de travail associatif, la ruche des Bayards, gr\u00e2ce \u00e0 un investissement total de plus de 1,3 million d\u2019euros.<\/p>\n<p>La premi\u00e8re phase du projet, achev\u00e9e fin 2021, a consist\u00e9 \u00e0 r\u00e9aliser un vaste atelier de 450 m\u00b2, sur trois niveaux reli\u00e9s par un monte-charge (sous-sol, rez et 1er \u00e9tage), o\u00f9 ont pris place une partie des activit\u00e9s li\u00e9geoises de l\u2019asbl ProV\u00e9lo\u00a0: m\u00e9canique v\u00e9lo, location longue dur\u00e9e et formation.<\/p>\n<p>La phase 2 du projet, qui a \u00e9t\u00e9 finalis\u00e9e \u00e0 l\u2019automne 2022, a permis la cr\u00e9ation de deux plateaux de bureau rassembl\u00e9es autour d\u2019un grand espace commun, aux 2e et 3e \u00e9tages du b\u00e2timent. Ils sont occup\u00e9s par Gracq, SEN5, Urbagora, ProV\u00e9lo \u00e9ducation et CoopERLiC.<\/p>\n<p>Ce projet a aussi int\u00e9gr\u00e9 une installation photovolta\u00efque sur les toitures du b\u00e2timent, r\u00e9alis\u00e9e avec le soutien, le conseil et le financement de CoopERLiC.<\/p>\n<\/div>\n<p><img decoding=\"async\" src=\"\/wp-content\/uploads\/2024\/06\/bayards-1-scaled.jpg\" alt=\"\"><br \/>\n<img decoding=\"async\" src=\"\/wp-content\/uploads\/2024\/06\/bayards.jpg\" alt=\"\"><\/p>\n<ul>\n<li>\n<p>        <img decoding=\"async\" src=\"\/wp-content\/uploads\/2024\/06\/2022-03-24-inauguration-Biens-communaux-Pro-Velo2.jpg\" alt=\"\"><\/p>\n<h3>2022-03-24 inauguration Biens communaux Pro Velo2<\/h3>\n<\/li>\n<li>\n<p>        <img decoding=\"async\" src=\"\/wp-content\/uploads\/2024\/06\/Bayards-Visitie-CoopERLiC-Pendant-travaux-4.jpg\" alt=\"\"><\/p>\n<h3>Bayards Visitie CoopERLiC Pendant travaux 4<\/h3>\n<\/li>\n<li>\n<p>        <img decoding=\"async\" src=\"\/wp-content\/uploads\/2024\/06\/Bayards-Travaux-Interieur.jpg\" alt=\"\"><\/p>\n<h3>Bayards Travaux Inte\u0301rieur<\/h3>\n<\/li>\n<li>\n<p>        <img decoding=\"async\" src=\"\/wp-content\/uploads\/2024\/06\/Bayards-PV-3.jpg\" alt=\"\"><\/p>\n<h3>Bayards PV 3<\/h3>\n<\/li>\n<li>\n<p>        <img decoding=\"async\" src=\"\/wp-content\/uploads\/2024\/06\/Bayards-Facade-Avant-travaux.jpg\" alt=\"\"><\/p>\n<h3>Bayards Fac\u0327ade Avant travaux<\/h3>\n<\/li>\n<\/ul>\n<p><!--more--><br \/>\n<!-- {\"type\":\"layout\",\"children\":[{\"name\":\"R\\u00e9alisation\",\"type\":\"section\",\"props\":{\"image_position\":\"center-center\",\"padding\":\"large\",\"style\":\"secondary\",\"title_breakpoint\":\"xl\",\"title_position\":\"top-left\",\"title_rotation\":\"left\",\"vertical_align\":\"\",\"width\":\"xlarge\"},\"children\":[{\"type\":\"row\",\"children\":[{\"type\":\"column\",\"props\":{\"image_position\":\"center-center\",\"position_sticky_breakpoint\":\"m\"},\"children\":[{\"type\":\"headline\",\"props\":{\"content\":\"Nos r\\u00e9alisations\",\"text_align\":\"left\",\"title_color\":\"success\",\"title_decoration\":\"bullet\",\"title_element\":\"h1\"}}]}]},{\"type\":\"row\",\"children\":[{\"type\":\"column\",\"props\":{\"image_position\":\"center-center\",\"position_sticky_breakpoint\":\"m\",\"width_medium\":\"1-2\"},\"children\":[{\"type\":\"headline\",\"props\":{\"content\":\"\n\n<p><b>La ruche des bayards \\u2013 Production en tiers-payant<\\\/b><\\\/p>\",\"text_align\":\"left\",\"title_element\":\"h1\",\"title_font_family\":\"secondary\",\"title_style\":\"h3\"}},{\"type\":\"text\",\"props\":{\"block_align\":\"center\",\"column_breakpoint\":\"m\",\"content\":\"\n\n<p>Bas\\u00e9e \\u00e0 Li\\u00e8ge, la coop\\u00e9rative LES BIENS COMMUNAUX fait appel \\u00e0 l\\u2019\\u00e9pargne citoyenne pour cr\\u00e9er des lieux de vie et de travail pour les associations et les petites structures cr\\u00e9atives.<\\\/p>\\n\n\n<p>La coop\\u00e9rative a acquis au c\\u0153ur du quartier Saint-L\\u00e9onard, rue des Bayards 67, une ancienne usine d\\u2019armurerie (devenue ensuite garage automobile). L\\u2019immeuble \\u00e9t\\u00e9 transform\\u00e9 entre 2017 et 2022 en un lieu de travail associatif, la ruche des Bayards, gr\\u00e2ce \\u00e0 un investissement total de plus de 1,3 million d\\u2019euros.<\\\/p>\\n\n\n<p>La premi\\u00e8re phase du projet, achev\\u00e9e fin 2021, a consist\\u00e9 \\u00e0 r\\u00e9aliser un vaste atelier de 450 m\\u00b2, sur trois niveaux reli\\u00e9s par un monte-charge (sous-sol, rez et 1er \\u00e9tage), o\\u00f9 ont pris place une partie des activit\\u00e9s li\\u00e9geoises de l\\u2019asbl ProV\\u00e9lo\\u00a0: m\\u00e9canique v\\u00e9lo, location longue dur\\u00e9e et formation.<\\\/p>\\n\n\n<p>La phase 2 du projet, qui a \\u00e9t\\u00e9 finalis\\u00e9e \\u00e0 l\\u2019automne 2022, a permis la cr\\u00e9ation de deux plateaux de bureau rassembl\\u00e9es autour d\\u2019un grand espace commun, aux 2e et 3e \\u00e9tages du b\\u00e2timent. Ils sont occup\\u00e9s par Gracq, SEN5, Urbagora, ProV\\u00e9lo \\u00e9ducation et CoopERLiC.<\\\/p>\\n\n\n<p>Ce projet a aussi int\\u00e9gr\\u00e9 une installation photovolta\\u00efque sur les toitures du b\\u00e2timent, r\\u00e9alis\\u00e9e avec le soutien, le conseil et le financement de CoopERLiC.<\\\/p>\",\"margin\":\"default\",\"maxwidth\":\"xlarge\",\"text_align\":\"left\"}}]},{\"type\":\"column\",\"props\":{\"image_position\":\"center-center\",\"position_sticky_breakpoint\":\"m\",\"width_medium\":\"1-2\"},\"children\":[{\"type\":\"image\",\"props\":{\"image\":\"wp-content\\\/uploads\\\/2024\\\/06\\\/bayards-1-scaled.jpg\",\"image_svg_color\":\"emphasis\",\"margin\":\"default\"}}]}],\"props\":{\"layout\":\"1-2,1-2\"}},{\"type\":\"row\",\"children\":[{\"type\":\"column\",\"props\":{\"image_position\":\"center-center\",\"position_sticky_breakpoint\":\"m\"},\"children\":[{\"type\":\"image\",\"props\":{\"image\":\"wp-content\\\/uploads\\\/2024\\\/06\\\/bayards.jpg\",\"image_svg_color\":\"emphasis\",\"margin\":\"default\",\"text_align\":\"center\"}}]}]},{\"type\":\"row\",\"children\":[{\"type\":\"column\",\"props\":{\"image_position\":\"center-center\",\"position_sticky_breakpoint\":\"m\"},\"children\":[{\"type\":\"gallery\",\"props\":{\"filter_align\":\"left\",\"filter_all\":true,\"filter_grid_breakpoint\":\"m\",\"filter_grid_width\":\"auto\",\"filter_position\":\"top\",\"filter_style\":\"tab\",\"grid_default\":\"1\",\"grid_masonry\":\"next\",\"grid_medium\":\"3\",\"item_animation\":true,\"link_style\":\"default\",\"link_text\":\"Read more\",\"margin\":\"default\",\"meta_align\":\"below-title\",\"meta_element\":\"div\",\"meta_style\":\"text-meta\",\"overlay_hover\":true,\"overlay_mode\":\"cover\",\"overlay_position\":\"center\",\"overlay_style\":\"overlay-primary\",\"overlay_transition\":\"fade\",\"show_content\":true,\"show_hover_image\":true,\"show_hover_video\":true,\"show_link\":true,\"show_meta\":true,\"show_title\":false,\"text_align\":\"center\",\"text_color\":\"light\",\"title_element\":\"h3\",\"title_hover_style\":\"reset\"},\"children\":[{\"type\":\"gallery_item\",\"props\":{\"image\":\"wp-content\\\/uploads\\\/2024\\\/06\\\/2022-03-24-inauguration-Biens-communaux-Pro-Velo2.jpg\",\"title\":\"2022-03-24 inauguration Biens communaux Pro Velo2\"}},{\"type\":\"gallery_item\",\"props\":{\"image\":\"wp-content\\\/uploads\\\/2024\\\/06\\\/Bayards-Visitie-CoopERLiC-Pendant-travaux-4.jpg\",\"title\":\"Bayards Visitie CoopERLiC Pendant travaux 4\"}},{\"type\":\"gallery_item\",\"props\":{\"image\":\"wp-content\\\/uploads\\\/2024\\\/06\\\/Bayards-Travaux-Interieur.jpg\",\"title\":\"Bayards Travaux Inte\\u0301rieur\"}},{\"type\":\"gallery_item\",\"props\":{\"image\":\"wp-content\\\/uploads\\\/2024\\\/06\\\/Bayards-PV-3.jpg\",\"title\":\"Bayards PV 3\"}},{\"type\":\"gallery_item\",\"props\":{\"image\":\"wp-content\\\/uploads\\\/2024\\\/06\\\/Bayards-Facade-Avant-travaux.jpg\",\"title\":\"Bayards Fac\\u0327ade Avant travaux\"}}],\"name\":\"Galerie-r\\u00e9alisation\"}]}]}]}],\"version\":\"4.4.4\"} --><\/p>\n","protected":false},"excerpt":{"rendered":"<p>Nos r\u00e9alisations La ruche des bayards \u2013 Production en tiers-payant Bas\u00e9e \u00e0 Li\u00e8ge, la coop\u00e9rative LES BIENS COMMUNAUX fait appel \u00e0 l\u2019\u00e9pargne citoyenne pour cr\u00e9er des lieux de vie et de travail pour les associations et les petites structures cr\u00e9atives. La coop\u00e9rative a acquis au c\u0153ur du quartier Saint-L\u00e9onard, rue des Bayards 67, une ancienne [&hellip;]<\/p>\n","protected":false},"author":4,"featured_media":0,"parent":0,"menu_order":0,"comment_status":"closed","ping_status":"closed","template":"","meta":{"footnotes":""},"class_list":["post-576","page","type-page","status-publish","hentry"],"_links":{"self":[{"href":"https:\/\/www.cooperlic.be\/index.php\/wp-json\/wp\/v2\/pages\/576","targetHints":{"allow":["GET"]}}],"collection":[{"href":"https:\/\/www.cooperlic.be\/index.php\/wp-json\/wp\/v2\/pages"}],"about":[{"href":"https:\/\/www.cooperlic.be\/index.php\/wp-json\/wp\/v2\/types\/page"}],"author":[{"embeddable":true,"href":"https:\/\/www.cooperlic.be\/index.php\/wp-json\/wp\/v2\/users\/4"}],"replies":[{"embeddable":true,"href":"https:\/\/www.cooperlic.be\/index.php\/wp-json\/wp\/v2\/comments?post=576"}],"version-history":[{"count":5,"href":"https:\/\/www.cooperlic.be\/index.php\/wp-json\/wp\/v2\/pages\/576\/revisions"}],"predecessor-version":[{"id":677,"href":"https:\/\/www.cooperlic.be\/index.php\/wp-json\/wp\/v2\/pages\/576\/revisions\/677"}],"wp:attachment":[{"href":"https:\/\/www.cooperlic.be\/index.php\/wp-json\/wp\/v2\/media?parent=576"}],"curies":[{"name":"wp","href":"https:\/\/api.w.org\/{rel}","templated":true}]}}