{"id":63,"date":"2023-08-25T12:57:14","date_gmt":"2023-08-25T10:57:14","guid":{"rendered":"http:\/\/test8899.cooperlic.be\/?page_id=63"},"modified":"2025-02-18T21:32:02","modified_gmt":"2025-02-18T20:32:02","slug":"on-parle-de-nous","status":"publish","type":"page","link":"https:\/\/www.cooperlic.be\/index.php\/cooperative\/on-parle-de-nous\/","title":{"rendered":"On parle de nous"},"content":{"rendered":"<h1>On parle de nous &#8230;<\/h1>\n<div>\n<p>Vous n&rsquo;avez peut-\u00eatre pas vu ces articles. On les a regroup\u00e9 pour vous.<\/p>\n<\/div>\n<ul>\n<li>\n<p><img decoding=\"async\" src=\"\/wp-content\/uploads\/2025\/02\/Sud-info.png\" alt=\"\"><\/p>\n<p><a href=\"https:\/\/www.sudinfo.be\/id956013\/article\/2025-02-18\/une-cooperative-du-pays-de-herve-investit-dans-les-eoliennes-en-mer-du-nord-nous\">Cooperlic sp\u00e9cifiquement<\/a><\/p>\n<\/li>\n<li>\n<p><img decoding=\"async\" src=\"\/wp-content\/uploads\/2025\/02\/logo_lavenir_verviers_twitter_400x400-e1739909821460.jpg\" alt=\"\"><\/p>\n<p><a href=\"https:\/\/www.lavenir.net\/actu\/environnement\/2025\/02\/18\/une-eolienne-en-mer-du-nord-ca-vous-dit-34-cooperatives-citoyennes-reunies-dans-seacoop-veulent-vous-garantir-lindependance-energetique-DYW4BMGJZRCC5CEEGR77KO522Y\/\">Notre \u00e9nergie<\/a><\/p>\n<\/li>\n<li>\n<p><img decoding=\"async\" src=\"\/wp-content\/uploads\/2025\/02\/Sud-info.png\" alt=\"\"><\/p>\n<p><a href=\"https:\/\/www.sudinfo.be\/id956147\/article\/2025-02-18\/les-namurois-vont-pouvoir-profiter-de-lenergie-eolienne-en-mer-des-cooperatives\">Des coll\u00e8gues de Namur<\/a><\/p>\n<\/li>\n<li>\n<p><img decoding=\"async\" src=\"\/wp-content\/uploads\/2025\/02\/la-libre.png\" alt=\"\"><\/p>\n<p><a href=\"https:\/\/www.lalibre.be\/dernieres-depeches\/2025\/02\/18\/seacoop-veut-pousser-les-belges-a-investir-dans-la-production-eolienne-offshore-BOYCPOGIRRAFLBIYRRW3TWFRRA\/\">Seacoop<\/a><\/p>\n<\/li>\n<li>\n<p><img decoding=\"async\" src=\"\/wp-content\/uploads\/2025\/02\/lecho.png\" alt=\"\"><\/p>\n<p><a href=\"https:\/\/www.lecho.be\/entreprises\/energie\/comment-des-cooperatives-veulent-se-tailler-une-part-du-gateau-eolien-en-mer\/10588201.html\">Une analyse financi\u00e8re<\/a><\/p>\n<\/li>\n<li>\n<p><img decoding=\"async\" src=\"\/wp-content\/uploads\/2025\/02\/dh.jpg\" alt=\"\"><\/p>\n<p><a href=\"https:\/\/www.dhnet.be\/dernieres-depeches\/2025\/02\/18\/seacoop-veut-pousser-les-belges-a-investir-dans-la-production-eolienne-offshore-BOYCPOGIRRAFLBIYRRW3TWFRRA\/\">Encore Seacoop<\/a><\/p>\n<\/li>\n<li>\n<p><img decoding=\"async\" src=\"\/wp-content\/uploads\/2025\/02\/msn.png\" alt=\"\"><\/p>\n<p><a href=\"https:\/\/www.msn.com\/fr-be\/finance\/actualite\/seacoop-veut-pousser-les-belges-%C3%A0-investir-dans-la-production-%C3%A9olienne-offshore\/ar-AA1zhKNE\">MSN parle de Seacoop<\/a><\/p>\n<\/li>\n<li>\n<p><img decoding=\"async\" src=\"\/wp-content\/uploads\/2025\/02\/logo_lavenir_verviers_twitter_400x400-e1739909821460.jpg\" alt=\"\"><\/p>\n<p><a href=\"https:\/\/www.lavenir.net\/videos\/2025\/02\/18\/notre-energie-une-nouvelle-plateforme-pourquoi-xm3vlsk\/\">Une premi\u00e8re vid\u00e9o<\/a><\/p>\n<\/li>\n<li>\n<p><img decoding=\"async\" src=\"\/wp-content\/uploads\/2025\/02\/162717.webp\" alt=\"\"><\/p>\n<p><a href=\"https:\/\/www.youtube.com\/watch?v=BTOOXxuYop0\">Une deuxi\u00e8me vid\u00e9o<\/a><\/p>\n<\/li>\n<\/ul>\n<p><!--more--><br \/>\n<!-- {\"type\":\"layout\",\"children\":[{\"type\":\"section\",\"props\":{\"image_position\":\"center-center\",\"style\":\"default\",\"title_breakpoint\":\"xl\",\"title_position\":\"top-left\",\"title_rotation\":\"left\",\"vertical_align\":\"\",\"width\":\"default\"},\"children\":[{\"type\":\"row\",\"children\":[{\"type\":\"column\",\"props\":{\"image_position\":\"center-center\",\"position_sticky_breakpoint\":\"m\"},\"children\":[{\"type\":\"headline\",\"props\":{\"content\":\"On parle de nous ...\",\"title_element\":\"h1\"}}]}]},{\"type\":\"row\",\"children\":[{\"type\":\"column\",\"props\":{\"image_position\":\"center-center\",\"position_sticky_breakpoint\":\"m\"},\"children\":[{\"type\":\"text\",\"props\":{\"column_breakpoint\":\"m\",\"content\":\"\n\n<p>Vous n'avez peut-\\u00eatre pas vu ces articles. On les a regroup\\u00e9 pour vous.<\\\/p>\",\"margin\":\"default\"}}]}]},{\"type\":\"row\",\"children\":[{\"type\":\"column\",\"props\":{\"image_position\":\"center-center\",\"position_sticky_breakpoint\":\"m\"},\"children\":[{\"type\":\"grid\",\"props\":{\"content_column_breakpoint\":\"m\",\"filter_align\":\"left\",\"filter_all\":true,\"filter_grid_breakpoint\":\"m\",\"filter_grid_width\":\"auto\",\"filter_position\":\"top\",\"filter_style\":\"tab\",\"grid_default\":\"1\",\"grid_large\":\"3\",\"grid_medium\":\"3\",\"grid_small\":\"3\",\"grid_xlarge\":\"3\",\"icon_width\":80,\"image_align\":\"top\",\"image_grid_breakpoint\":\"m\",\"image_grid_width\":\"1-2\",\"image_svg_color\":\"emphasis\",\"item_animation\":true,\"link_style\":\"default\",\"link_text\":\"Read more\",\"margin\":\"default\",\"meta_align\":\"below-title\",\"meta_element\":\"div\",\"meta_style\":\"text-meta\",\"show_content\":true,\"show_image\":true,\"show_link\":true,\"show_meta\":true,\"show_title\":true,\"title_align\":\"top\",\"title_element\":\"h3\",\"title_grid_breakpoint\":\"m\",\"title_grid_width\":\"1-2\",\"title_hover_style\":\"reset\"},\"children\":[{\"type\":\"grid_item\",\"props\":{\"image\":\"wp-content\\\/uploads\\\/2025\\\/02\\\/Sud-info.png\",\"link\":\"https:\\\/\\\/www.sudinfo.be\\\/id956013\\\/article\\\/2025-02-18\\\/une-cooperative-du-pays-de-herve-investit-dans-les-eoliennes-en-mer-du-nord-nous\",\"link_text\":\"Cooperlic sp\\u00e9cifiquement\"}},{\"type\":\"grid_item\",\"props\":{\"image\":\"wp-content\\\/uploads\\\/2025\\\/02\\\/logo_lavenir_verviers_twitter_400x400-e1739909821460.jpg\",\"link\":\"https:\\\/\\\/www.lavenir.net\\\/actu\\\/environnement\\\/2025\\\/02\\\/18\\\/une-eolienne-en-mer-du-nord-ca-vous-dit-34-cooperatives-citoyennes-reunies-dans-seacoop-veulent-vous-garantir-lindependance-energetique-DYW4BMGJZRCC5CEEGR77KO522Y\\\/\",\"link_text\":\"Notre \\u00e9nergie\"}},{\"type\":\"grid_item\",\"props\":{\"image\":\"wp-content\\\/uploads\\\/2025\\\/02\\\/Sud-info.png\",\"link\":\"https:\\\/\\\/www.sudinfo.be\\\/id956147\\\/article\\\/2025-02-18\\\/les-namurois-vont-pouvoir-profiter-de-lenergie-eolienne-en-mer-des-cooperatives\",\"link_text\":\"Des coll\\u00e8gues de Namur\"}},{\"type\":\"grid_item\",\"props\":{\"image\":\"wp-content\\\/uploads\\\/2025\\\/02\\\/la-libre.png\",\"link\":\"https:\\\/\\\/www.lalibre.be\\\/dernieres-depeches\\\/2025\\\/02\\\/18\\\/seacoop-veut-pousser-les-belges-a-investir-dans-la-production-eolienne-offshore-BOYCPOGIRRAFLBIYRRW3TWFRRA\\\/\",\"link_text\":\"Seacoop\"}},{\"type\":\"grid_item\",\"props\":{\"image\":\"wp-content\\\/uploads\\\/2025\\\/02\\\/lecho.png\",\"link\":\"https:\\\/\\\/www.lecho.be\\\/entreprises\\\/energie\\\/comment-des-cooperatives-veulent-se-tailler-une-part-du-gateau-eolien-en-mer\\\/10588201.html\",\"link_text\":\"Une analyse financi\\u00e8re\"}},{\"type\":\"grid_item\",\"props\":{\"image\":\"wp-content\\\/uploads\\\/2025\\\/02\\\/dh.jpg\",\"link\":\"https:\\\/\\\/www.dhnet.be\\\/dernieres-depeches\\\/2025\\\/02\\\/18\\\/seacoop-veut-pousser-les-belges-a-investir-dans-la-production-eolienne-offshore-BOYCPOGIRRAFLBIYRRW3TWFRRA\\\/\",\"link_text\":\"Encore Seacoop\"}},{\"type\":\"grid_item\",\"props\":{\"image\":\"wp-content\\\/uploads\\\/2025\\\/02\\\/msn.png\",\"link\":\"https:\\\/\\\/www.msn.com\\\/fr-be\\\/finance\\\/actualite\\\/seacoop-veut-pousser-les-belges-%C3%A0-investir-dans-la-production-%C3%A9olienne-offshore\\\/ar-AA1zhKNE\",\"link_text\":\"MSN parle de Seacoop\"}},{\"type\":\"grid_item\",\"props\":{\"image\":\"wp-content\\\/uploads\\\/2025\\\/02\\\/logo_lavenir_verviers_twitter_400x400-e1739909821460.jpg\",\"link\":\"https:\\\/\\\/www.lavenir.net\\\/videos\\\/2025\\\/02\\\/18\\\/notre-energie-une-nouvelle-plateforme-pourquoi-xm3vlsk\\\/\",\"link_text\":\"Une premi\\u00e8re vid\\u00e9o\"}},{\"type\":\"grid_item\",\"props\":{\"image\":\"wp-content\\\/uploads\\\/2025\\\/02\\\/162717.webp\",\"link\":\"https:\\\/\\\/www.youtube.com\\\/watch?v=BTOOXxuYop0\",\"link_text\":\"Une deuxi\\u00e8me vid\\u00e9o\"}}]}]}]}]}],\"version\":\"4.4.6\"} --><\/p>\n","protected":false},"excerpt":{"rendered":"<p>On parle de nous &#8230; Vous n&rsquo;avez peut-\u00eatre pas vu ces articles. On les a regroup\u00e9 pour vous. Cooperlic sp\u00e9cifiquement Notre \u00e9nergie Des coll\u00e8gues de Namur Seacoop Une analyse financi\u00e8re Encore Seacoop MSN parle de Seacoop Une premi\u00e8re vid\u00e9o Une deuxi\u00e8me vid\u00e9o<\/p>\n","protected":false},"author":4,"featured_media":0,"parent":54,"menu_order":4,"comment_status":"closed","ping_status":"closed","template":"","meta":{"footnotes":""},"class_list":["post-63","page","type-page","status-publish","hentry"],"_links":{"self":[{"href":"https:\/\/www.cooperlic.be\/index.php\/wp-json\/wp\/v2\/pages\/63","targetHints":{"allow":["GET"]}}],"collection":[{"href":"https:\/\/www.cooperlic.be\/index.php\/wp-json\/wp\/v2\/pages"}],"about":[{"href":"https:\/\/www.cooperlic.be\/index.php\/wp-json\/wp\/v2\/types\/page"}],"author":[{"embeddable":true,"href":"https:\/\/www.cooperlic.be\/index.php\/wp-json\/wp\/v2\/users\/4"}],"replies":[{"embeddable":true,"href":"https:\/\/www.cooperlic.be\/index.php\/wp-json\/wp\/v2\/comments?post=63"}],"version-history":[{"count":6,"href":"https:\/\/www.cooperlic.be\/index.php\/wp-json\/wp\/v2\/pages\/63\/revisions"}],"predecessor-version":[{"id":999,"href":"https:\/\/www.cooperlic.be\/index.php\/wp-json\/wp\/v2\/pages\/63\/revisions\/999"}],"up":[{"embeddable":true,"href":"https:\/\/www.cooperlic.be\/index.php\/wp-json\/wp\/v2\/pages\/54"}],"wp:attachment":[{"href":"https:\/\/www.cooperlic.be\/index.php\/wp-json\/wp\/v2\/media?parent=63"}],"curies":[{"name":"wp","href":"https:\/\/api.w.org\/{rel}","templated":true}]}}