{"id":66,"date":"2023-08-25T12:57:52","date_gmt":"2023-08-25T10:57:52","guid":{"rendered":"http:\/\/test8899.cooperlic.be\/?page_id=66"},"modified":"2024-08-06T15:05:10","modified_gmt":"2024-08-06T13:05:10","slug":"nos-services","status":"publish","type":"page","link":"https:\/\/www.cooperlic.be\/index.php\/nos-services\/","title":{"rendered":"Nos services"},"content":{"rendered":"<h1><a href=\"https:\/\/www.cooperlic.be\/index.php\/nos-services\/siare\/\">Service Int\u00e9gr\u00e9 d&rsquo;Accompagnement \u00e0 la R\u00e9novation \u00c9nerg\u00e9tique &#8211; SIARE<\/a><\/h1>\n<h1><a href=\"https:\/\/www.cooperlic.be\/index.php\/nos-services\/producteur-denergie\/\">Producteur d&rsquo;\u00e9nergie<\/a><\/h1>\n<h1><a href=\"https:\/\/www.cooperlic.be\/index.php\/nos-services\/tiers-investisseur\/\">Tiers-investisseur<\/a><\/h1>\n<p><!--more--><br \/>\n<!-- {\"type\":\"layout\",\"children\":[{\"type\":\"section\",\"props\":{\"height\":\"viewport\",\"height_offset_top\":true,\"height_viewport\":80,\"image\":\"wp-content\\\/uploads\\\/2023\\\/08\\\/photo14.jpg\",\"image_position\":\"center-center\",\"style\":\"primary\",\"title_breakpoint\":\"xl\",\"title_position\":\"top-left\",\"title_rotation\":\"left\",\"vertical_align\":\"middle\",\"width\":\"default\"},\"children\":[{\"type\":\"row\",\"children\":[{\"type\":\"column\",\"props\":{\"image_position\":\"center-center\",\"position_sticky_breakpoint\":\"m\"},\"children\":[{\"type\":\"headline\",\"props\":{\"content\":\"Service Int\\u00e9gr\\u00e9 d'Accompagnement \\u00e0 la R\\u00e9novation \\u00c9nerg\\u00e9tique - SIARE\",\"link\":\"https:\\\/\\\/www.cooperlic.be\\\/index.php\\\/nos-services\\\/siare\\\/\",\"link_target\":true,\"text_align\":\"center\",\"title_element\":\"h1\",\"title_font_family\":\"secondary\",\"title_style\":\"heading-large\"}}]}]}]},{\"type\":\"section\",\"props\":{\"height\":\"viewport\",\"height_viewport\":80,\"image\":\"wp-content\\\/uploads\\\/2023\\\/08\\\/photo27-2-scaled.jpg\",\"image_position\":\"center-center\",\"style\":\"primary\",\"title_breakpoint\":\"xl\",\"title_position\":\"top-left\",\"title_rotation\":\"left\",\"vertical_align\":\"middle\",\"width\":\"default\"},\"children\":[{\"type\":\"row\",\"children\":[{\"type\":\"column\",\"props\":{\"image_position\":\"center-center\",\"position_sticky_breakpoint\":\"m\"},\"children\":[{\"type\":\"headline\",\"props\":{\"content\":\"Producteur d'\\u00e9nergie\",\"link\":\"https:\\\/\\\/www.cooperlic.be\\\/index.php\\\/nos-services\\\/producteur-denergie\\\/\",\"link_target\":true,\"text_align\":\"center\",\"title_element\":\"h1\",\"title_font_family\":\"secondary\",\"title_style\":\"heading-large\"}}]}]}]},{\"type\":\"section\",\"props\":{\"height\":\"viewport\",\"height_viewport\":80,\"image\":\"wp-content\\\/uploads\\\/2024\\\/01\\\/tiers-invest.jpg\",\"image_position\":\"center-center\",\"style\":\"primary\",\"title_breakpoint\":\"xl\",\"title_position\":\"top-left\",\"title_rotation\":\"left\",\"vertical_align\":\"middle\",\"width\":\"default\"},\"children\":[{\"type\":\"row\",\"children\":[{\"type\":\"column\",\"props\":{\"image_position\":\"center-center\",\"position_sticky_breakpoint\":\"m\"},\"children\":[{\"type\":\"headline\",\"props\":{\"content\":\"Tiers-investisseur\",\"link\":\"https:\\\/\\\/www.cooperlic.be\\\/index.php\\\/nos-services\\\/tiers-investisseur\\\/\",\"link_target\":true,\"text_align\":\"center\",\"title_element\":\"h1\",\"title_font_family\":\"secondary\",\"title_style\":\"heading-large\"}}]}]}]}],\"version\":\"4.4.6\"} --><\/p>\n","protected":false},"excerpt":{"rendered":"<p>Service Int\u00e9gr\u00e9 d&rsquo;Accompagnement \u00e0 la R\u00e9novation \u00c9nerg\u00e9tique &#8211; SIARE Producteur d&rsquo;\u00e9nergie Tiers-investisseur<\/p>\n","protected":false},"author":4,"featured_media":0,"parent":0,"menu_order":0,"comment_status":"closed","ping_status":"closed","template":"","meta":{"footnotes":""},"class_list":["post-66","page","type-page","status-publish","hentry"],"_links":{"self":[{"href":"https:\/\/www.cooperlic.be\/index.php\/wp-json\/wp\/v2\/pages\/66","targetHints":{"allow":["GET"]}}],"collection":[{"href":"https:\/\/www.cooperlic.be\/index.php\/wp-json\/wp\/v2\/pages"}],"about":[{"href":"https:\/\/www.cooperlic.be\/index.php\/wp-json\/wp\/v2\/types\/page"}],"author":[{"embeddable":true,"href":"https:\/\/www.cooperlic.be\/index.php\/wp-json\/wp\/v2\/users\/4"}],"replies":[{"embeddable":true,"href":"https:\/\/www.cooperlic.be\/index.php\/wp-json\/wp\/v2\/comments?post=66"}],"version-history":[{"count":24,"href":"https:\/\/www.cooperlic.be\/index.php\/wp-json\/wp\/v2\/pages\/66\/revisions"}],"predecessor-version":[{"id":768,"href":"https:\/\/www.cooperlic.be\/index.php\/wp-json\/wp\/v2\/pages\/66\/revisions\/768"}],"wp:attachment":[{"href":"https:\/\/www.cooperlic.be\/index.php\/wp-json\/wp\/v2\/media?parent=66"}],"curies":[{"name":"wp","href":"https:\/\/api.w.org\/{rel}","templated":true}]}}