{"id":75,"date":"2023-08-25T12:59:41","date_gmt":"2023-08-25T10:59:41","guid":{"rendered":"http:\/\/test8899.cooperlic.be\/?page_id=75"},"modified":"2025-02-12T17:04:00","modified_gmt":"2025-02-12T16:04:00","slug":"tiers-investisseur","status":"publish","type":"page","link":"https:\/\/www.cooperlic.be\/index.php\/nos-services\/tiers-investisseur\/","title":{"rendered":"Tiers-Investisseur"},"content":{"rendered":"<h2>Tiers-Investisseur<\/h2>\n<h2>\n<p><span>CoopERLiC aide des collectivit\u00e9s \u00e0 financer leur production d&rsquo;\u00e9nergie renouvelables lorsqu&rsquo;elles n&rsquo;ont pas droit \u00e0 d&rsquo;autre financements.<\/span><\/p>\n<p><span>\u00a0<\/span><\/p>\n<\/h2>\n<ul>\n<li>\n        <a href=\"\/index.php\/page\/\">Contactez-Nous<\/a>\n    <\/li>\n<li>\n        <a href=\"\/index.php\/realisations\/\">Nos r\u00e9alisations<\/a>\n    <\/li>\n<\/ul>\n<p><!--more--><br \/>\n<!-- {\"type\":\"layout\",\"children\":[{\"type\":\"section\",\"props\":{\"image_position\":\"center-center\",\"style\":\"secondary\",\"title_breakpoint\":\"xl\",\"title_position\":\"top-left\",\"title_rotation\":\"left\",\"vertical_align\":\"\",\"width\":\"default\"},\"children\":[{\"type\":\"row\",\"children\":[{\"type\":\"column\",\"props\":{\"image_position\":\"center-center\",\"position_sticky_breakpoint\":\"m\"},\"children\":[{\"type\":\"headline\",\"props\":{\"content\":\"Tiers-Investisseur\",\"text_align\":\"center\",\"title_color\":\"success\",\"title_element\":\"h2\",\"title_font_family\":\"secondary\",\"title_style\":\"h1\"}},{\"type\":\"headline\",\"props\":{\"content\":\"\n\n<p><span>CoopERLiC aide des collectivit\\u00e9s \\u00e0 financer leur production d'\\u00e9nergie renouvelables lorsqu'elles n'ont pas droit \\u00e0 d'autre financements.<\\\/span><\\\/p>\\n\n\n<p><span>\\u00a0<\\\/span><\\\/p>\",\"title_element\":\"h2\"}},{\"type\":\"button\",\"props\":{\"grid_column_gap\":\"small\",\"grid_row_gap\":\"small\",\"margin\":\"default\",\"text_align\":\"center\"},\"children\":[{\"type\":\"button_item\",\"props\":{\"button_style\":\"default\",\"content\":\"Contactez-Nous\",\"icon_align\":\"left\",\"link\":\"index.php\\\/page\\\/\"}},{\"type\":\"button_item\",\"props\":{\"button_style\":\"danger\",\"content\":\"Nos r\\u00e9alisations\",\"icon_align\":\"left\",\"link\":\"index.php\\\/realisations\\\/\"}}]}]}]}],\"name\":\"CTA\"}],\"version\":\"4.4.6\"} --><\/p>\n","protected":false},"excerpt":{"rendered":"<p>Tiers-Investisseur CoopERLiC aide des collectivit\u00e9s \u00e0 financer leur production d&rsquo;\u00e9nergie renouvelables lorsqu&rsquo;elles n&rsquo;ont pas droit \u00e0 d&rsquo;autre financements. \u00a0 Contactez-Nous Nos r\u00e9alisations<\/p>\n","protected":false},"author":4,"featured_media":0,"parent":66,"menu_order":3,"comment_status":"closed","ping_status":"closed","template":"","meta":{"footnotes":""},"class_list":["post-75","page","type-page","status-publish","hentry"],"_links":{"self":[{"href":"https:\/\/www.cooperlic.be\/index.php\/wp-json\/wp\/v2\/pages\/75","targetHints":{"allow":["GET"]}}],"collection":[{"href":"https:\/\/www.cooperlic.be\/index.php\/wp-json\/wp\/v2\/pages"}],"about":[{"href":"https:\/\/www.cooperlic.be\/index.php\/wp-json\/wp\/v2\/types\/page"}],"author":[{"embeddable":true,"href":"https:\/\/www.cooperlic.be\/index.php\/wp-json\/wp\/v2\/users\/4"}],"replies":[{"embeddable":true,"href":"https:\/\/www.cooperlic.be\/index.php\/wp-json\/wp\/v2\/comments?post=75"}],"version-history":[{"count":8,"href":"https:\/\/www.cooperlic.be\/index.php\/wp-json\/wp\/v2\/pages\/75\/revisions"}],"predecessor-version":[{"id":970,"href":"https:\/\/www.cooperlic.be\/index.php\/wp-json\/wp\/v2\/pages\/75\/revisions\/970"}],"up":[{"embeddable":true,"href":"https:\/\/www.cooperlic.be\/index.php\/wp-json\/wp\/v2\/pages\/66"}],"wp:attachment":[{"href":"https:\/\/www.cooperlic.be\/index.php\/wp-json\/wp\/v2\/media?parent=75"}],"curies":[{"name":"wp","href":"https:\/\/api.w.org\/{rel}","templated":true}]}}