{"id":78,"date":"2023-08-25T13:00:36","date_gmt":"2023-08-25T11:00:36","guid":{"rendered":"http:\/\/test8899.cooperlic.be\/?page_id=78"},"modified":"2024-06-25T15:09:49","modified_gmt":"2024-06-25T13:09:49","slug":"pour-qui","status":"publish","type":"page","link":"https:\/\/www.cooperlic.be\/index.php\/pour-qui\/","title":{"rendered":"Pour qui ?"},"content":{"rendered":"<h1>Pour qui ?<\/h1>\n<ul>\n<li>\n<p><img decoding=\"async\" src=\"\/wp-content\/uploads\/2024\/06\/citoyen.jpg\" alt=\"\"><\/p>\n<h3>Citoyen<\/h3>\n<p><a href=\"\/index.php\/pour-qui\/citoyen\/\"><\/a><\/p>\n<\/li>\n<li>\n<p><img decoding=\"async\" src=\"\/wp-content\/uploads\/2024\/06\/copropriete.jpg\" alt=\"\"><\/p>\n<h3>Copropri\u00e9t\u00e9 &#8211;  Habitat group\u00e9<\/h3>\n<p><a href=\"\/index.php\/pour-qui\/copropriete\/\"><\/a><\/p>\n<\/li>\n<li>\n<p><img decoding=\"async\" src=\"\/wp-content\/uploads\/2024\/06\/pouvoirpublic.jpg\" alt=\"\"><\/p>\n<h3>Pouvoir public<\/h3>\n<p><a href=\"\/index.php\/pour-qui\/pouvoir-public\/\"><\/a><\/p>\n<\/li>\n<li>\n<p><img decoding=\"async\" src=\"\/wp-content\/uploads\/2024\/06\/entreprise2.jpg\" alt=\"\"><\/p>\n<h3>Entreprise<\/h3>\n<p><a href=\"\/index.php\/pour-qui\/entreprise\/\"><\/a><\/p>\n<\/li>\n<li>\n<p><img decoding=\"async\" src=\"\/wp-content\/uploads\/2024\/06\/syndic.jpg\" alt=\"\"><\/p>\n<h3>Syndic<\/h3>\n<p><a href=\"\/index.php\/syndic\/\"><\/a><\/p>\n<\/li>\n<\/ul>\n<p><!--more--><br \/>\n<!-- {\"type\":\"layout\",\"children\":[{\"name\":\"Texte\",\"type\":\"section\",\"props\":{\"image_position\":\"center-center\",\"padding\":\"large\",\"padding_remove_top\":false,\"style\":\"default\",\"title_breakpoint\":\"xl\",\"title_position\":\"top-left\",\"title_rotation\":\"left\",\"vertical_align\":\"\",\"width\":\"\"},\"children\":[{\"type\":\"row\",\"children\":[{\"type\":\"column\",\"props\":{\"image_position\":\"center-center\",\"position_sticky_breakpoint\":\"m\",\"width_medium\":\"1-1\"},\"children\":[{\"type\":\"headline\",\"props\":{\"content\":\"Pour qui ?\",\"text_align\":\"center\",\"title_element\":\"h1\"}},{\"name\":\"Panel Slider Column Gap Small\",\"type\":\"panel-slider\",\"children\":[{\"type\":\"panel-slider_item\",\"props\":{\"content\":\"\",\"image\":\"wp-content\\\/uploads\\\/2024\\\/06\\\/citoyen.jpg\",\"link\":\"index.php\\\/pour-qui\\\/citoyen\\\/\",\"meta\":\"\",\"title\":\"Citoyen\"}},{\"type\":\"panel-slider_item\",\"props\":{\"content\":\"\",\"image\":\"wp-content\\\/uploads\\\/2024\\\/06\\\/copropriete.jpg\",\"link\":\"index.php\\\/pour-qui\\\/copropriete\\\/\",\"meta\":\"\",\"title\":\"Copropri\\u00e9t\\u00e9 -  Habitat group\\u00e9\"}},{\"type\":\"panel-slider_item\",\"props\":{\"image\":\"wp-content\\\/uploads\\\/2024\\\/06\\\/pouvoirpublic.jpg\",\"link\":\"index.php\\\/pour-qui\\\/pouvoir-public\\\/\",\"title\":\"Pouvoir public\"}},{\"type\":\"panel-slider_item\",\"props\":{\"image\":\"wp-content\\\/uploads\\\/2024\\\/06\\\/entreprise2.jpg\",\"link\":\"index.php\\\/pour-qui\\\/entreprise\\\/\",\"title\":\"Entreprise\"}},{\"type\":\"panel-slider_item\",\"props\":{\"image\":\"wp-content\\\/uploads\\\/2024\\\/06\\\/syndic.jpg\",\"link\":\"index.php\\\/syndic\\\/\",\"title\":\"Syndic\"}}],\"props\":{\"container_padding_remove\":true,\"content_column_breakpoint\":\"m\",\"icon_width\":80,\"image_align\":\"top\",\"image_grid_breakpoint\":\"m\",\"image_grid_width\":\"1-2\",\"image_link\":true,\"image_svg_color\":\"emphasis\",\"image_width\":\"365\",\"link_style\":\"text\",\"link_text\":\"\",\"margin\":\"default\",\"meta_align\":\"below-title\",\"meta_color\":\"emphasis\",\"meta_element\":\"div\",\"meta_margin\":\"remove\",\"meta_style\":\"text-meta\",\"nav\":\"\",\"nav_align\":\"center\",\"nav_breakpoint\":\"s\",\"nav_margin\":\"medium\",\"panel_link\":false,\"panel_match\":true,\"show_content\":true,\"show_image\":true,\"show_link\":true,\"show_meta\":true,\"show_title\":true,\"slidenav\":\"default\",\"slidenav_breakpoint\":\"xl\",\"slidenav_hover\":false,\"slidenav_margin\":\"medium\",\"slidenav_outside_breakpoint\":\"xl\",\"slider_autoplay\":true,\"slider_autoplay_interval\":\"5\",\"slider_autoplay_pause\":false,\"slider_divider\":false,\"slider_gap\":\"\",\"slider_width\":\"\",\"slider_width_default\":\"1-2\",\"slider_width_medium\":\"1-4\",\"slider_width_small\":\"1-3\",\"title_align\":\"top\",\"title_decoration\":\"bullet\",\"title_element\":\"h3\",\"title_grid_breakpoint\":\"m\",\"title_grid_width\":\"1-2\",\"title_hover_style\":\"reset\",\"title_link\":false,\"title_margin\":\"small\",\"title_style\":\"h4\"}}]}]}]}],\"version\":\"4.4.4\"} --><\/p>\n","protected":false},"excerpt":{"rendered":"<p>Pour qui ? Citoyen Copropri\u00e9t\u00e9 &#8211; Habitat group\u00e9 Pouvoir public Entreprise Syndic<\/p>\n","protected":false},"author":4,"featured_media":0,"parent":0,"menu_order":0,"comment_status":"closed","ping_status":"closed","template":"","meta":{"footnotes":""},"class_list":["post-78","page","type-page","status-publish","hentry"],"_links":{"self":[{"href":"https:\/\/www.cooperlic.be\/index.php\/wp-json\/wp\/v2\/pages\/78","targetHints":{"allow":["GET"]}}],"collection":[{"href":"https:\/\/www.cooperlic.be\/index.php\/wp-json\/wp\/v2\/pages"}],"about":[{"href":"https:\/\/www.cooperlic.be\/index.php\/wp-json\/wp\/v2\/types\/page"}],"author":[{"embeddable":true,"href":"https:\/\/www.cooperlic.be\/index.php\/wp-json\/wp\/v2\/users\/4"}],"replies":[{"embeddable":true,"href":"https:\/\/www.cooperlic.be\/index.php\/wp-json\/wp\/v2\/comments?post=78"}],"version-history":[{"count":20,"href":"https:\/\/www.cooperlic.be\/index.php\/wp-json\/wp\/v2\/pages\/78\/revisions"}],"predecessor-version":[{"id":608,"href":"https:\/\/www.cooperlic.be\/index.php\/wp-json\/wp\/v2\/pages\/78\/revisions\/608"}],"wp:attachment":[{"href":"https:\/\/www.cooperlic.be\/index.php\/wp-json\/wp\/v2\/media?parent=78"}],"curies":[{"name":"wp","href":"https:\/\/api.w.org\/{rel}","templated":true}]}}