{"id":826,"date":"2024-11-06T18:25:09","date_gmt":"2024-11-06T17:25:09","guid":{"rendered":"https:\/\/www.cooperlic.be\/?page_id=826"},"modified":"2025-02-15T13:25:01","modified_gmt":"2025-02-15T12:25:01","slug":"documents-a-telecharger","status":"publish","type":"page","link":"https:\/\/www.cooperlic.be\/index.php\/documents-a-telecharger\/","title":{"rendered":"Documents \u00e0 t\u00e9l\u00e9charger"},"content":{"rendered":"<div>\n<h2> Vous d\u00e9sirez en savoir plus&#8230;<\/h2>\n<div>\n<p>En suivant ce lien, vous pourrez consulter nos statuts, rapports d&rsquo;activit\u00e9s, conditions de respect de la vie priv\u00e9e, notice FSMA et autres documents pertinents. Nous privil\u00e9gions la transparence.<\/p>\n<\/div>\n<p><a href=\"https:\/\/cloud.rescoop-wallonie.be\/s\/ZCZxHz8HxZfCRK9\">Documents<\/a><\/p>\n<\/div>\n<p><!--more--><br \/>\n<!-- {\"type\":\"layout\",\"children\":[{\"name\":\"Hero\",\"type\":\"section\",\"props\":{\"image\":\"wp-content\\\/uploads\\\/2024\\\/11\\\/typography-6-1200036.jpg\",\"image_effect\":\"parallax\",\"image_loading\":true,\"image_parallax_bgy\":\"0,250\",\"image_parallax_easing\":\"1\",\"image_position\":\"center-center\",\"image_size\":\"cover\",\"image_width\":\"2560\",\"padding\":\"xlarge\",\"style\":\"default\",\"title_breakpoint\":\"xl\",\"title_position\":\"center-right\",\"title_rotation\":\"right\",\"vertical_align\":\"\",\"width\":\"large\"},\"children\":[{\"type\":\"row\",\"children\":[{\"type\":\"column\",\"props\":{\"image_position\":\"center-center\",\"position_sticky_breakpoint\":\"m\",\"width_medium\":\"1-1\"},\"children\":[{\"type\":\"panel\",\"props\":{\"content\":\"\n\n<p>En suivant ce lien, vous pourrez consulter nos statuts, rapports d'activit\\u00e9s, conditions de respect de la vie priv\\u00e9e, notice FSMA et autres documents pertinents. Nous privil\\u00e9gions la transparence.<\\\/p>\",\"content_column_breakpoint\":\"m\",\"icon_width\":80,\"image\":\"\",\"image_align\":\"top\",\"image_grid_breakpoint\":\"m\",\"image_grid_width\":\"1-2\",\"image_svg_color\":\"emphasis\",\"link\":\"https:\\\/\\\/cloud.rescoop-wallonie.be\\\/s\\\/ZCZxHz8HxZfCRK9\",\"link_style\":\"secondary\",\"link_target\":true,\"link_text\":\"Documents\",\"margin\":\"\",\"maxwidth\":\"large\",\"meta\":\"\",\"meta_align\":\"below-content\",\"meta_element\":\"div\",\"meta_margin\":\"medium\",\"meta_style\":\"h2\",\"panel_link\":true,\"panel_padding\":\"large\",\"panel_style\":\"card-secondary\",\"title\":\" Vous d\\u00e9sirez en savoir plus...\",\"title_align\":\"top\",\"title_element\":\"h2\",\"title_font_family\":\"secondary\",\"title_grid_breakpoint\":\"m\",\"title_grid_width\":\"1-2\",\"title_hover_style\":\"reset\"}}]}]}]}],\"version\":\"4.4.6\"} --><\/p>\n","protected":false},"excerpt":{"rendered":"<p>Vous d\u00e9sirez en savoir plus&#8230; En suivant ce lien, vous pourrez consulter nos statuts, rapports d&rsquo;activit\u00e9s, conditions de respect de la vie priv\u00e9e, notice FSMA et autres documents pertinents. Nous privil\u00e9gions la transparence. Documents<\/p>\n","protected":false},"author":3,"featured_media":0,"parent":0,"menu_order":0,"comment_status":"closed","ping_status":"closed","template":"","meta":{"footnotes":""},"class_list":["post-826","page","type-page","status-publish","hentry"],"_links":{"self":[{"href":"https:\/\/www.cooperlic.be\/index.php\/wp-json\/wp\/v2\/pages\/826","targetHints":{"allow":["GET"]}}],"collection":[{"href":"https:\/\/www.cooperlic.be\/index.php\/wp-json\/wp\/v2\/pages"}],"about":[{"href":"https:\/\/www.cooperlic.be\/index.php\/wp-json\/wp\/v2\/types\/page"}],"author":[{"embeddable":true,"href":"https:\/\/www.cooperlic.be\/index.php\/wp-json\/wp\/v2\/users\/3"}],"replies":[{"embeddable":true,"href":"https:\/\/www.cooperlic.be\/index.php\/wp-json\/wp\/v2\/comments?post=826"}],"version-history":[{"count":5,"href":"https:\/\/www.cooperlic.be\/index.php\/wp-json\/wp\/v2\/pages\/826\/revisions"}],"predecessor-version":[{"id":989,"href":"https:\/\/www.cooperlic.be\/index.php\/wp-json\/wp\/v2\/pages\/826\/revisions\/989"}],"wp:attachment":[{"href":"https:\/\/www.cooperlic.be\/index.php\/wp-json\/wp\/v2\/media?parent=826"}],"curies":[{"name":"wp","href":"https:\/\/api.w.org\/{rel}","templated":true}]}}