{"id":867,"date":"2024-11-11T11:38:57","date_gmt":"2024-11-11T10:38:57","guid":{"rendered":"https:\/\/www.cooperlic.be\/?page_id=867"},"modified":"2024-11-11T11:38:57","modified_gmt":"2024-11-11T10:38:57","slug":"newsletter","status":"publish","type":"page","link":"https:\/\/www.cooperlic.be\/index.php\/newsletter\/","title":{"rendered":"Newsletter"},"content":{"rendered":"<div>\n<h2>Vous voulez recevoir de nos nouvelles ! Quelle belle id\u00e9e !<\/h2>\n<p>Vous pouvez vous inscrire ci-dessous, mais sachez que vous recevrez notre newsletter d&rsquo;office si vous \u00eates coop\u00e9rateurs. Donc ne vous enregistrez pas 2 fois &#8230;<\/p>\n<\/div>\n<div><!-- Begin Brevo Form --><br \/>\n<!-- START - We recommend to place the below code in head tag of your website html  --><\/p>\n<style>\n  @font-face {\n    font-display: block;\n    font-family: Roboto;\n    src: url(https:\/\/assets.brevo.com\/font\/Roboto\/Latin\/normal\/normal\/7529907e9eaf8ebb5220c5f9850e3811.woff2) format(\"woff2\"), url(https:\/\/assets.brevo.com\/font\/Roboto\/Latin\/normal\/normal\/25c678feafdc175a70922a116c9be3e7.woff) format(\"woff\")\n  }<\/p>\n<p>  @font-face {\n    font-display: fallback;\n    font-family: Roboto;\n    font-weight: 600;\n    src: url(https:\/\/assets.brevo.com\/font\/Roboto\/Latin\/medium\/normal\/6e9caeeafb1f3491be3e32744bc30440.woff2) format(\"woff2\"), url(https:\/\/assets.brevo.com\/font\/Roboto\/Latin\/medium\/normal\/71501f0d8d5aa95960f6475d5487d4c2.woff) format(\"woff\")\n  }<\/p>\n<p>  @font-face {\n    font-display: fallback;\n    font-family: Roboto;\n    font-weight: 700;\n    src: url(https:\/\/assets.brevo.com\/font\/Roboto\/Latin\/bold\/normal\/3ef7cf158f310cf752d5ad08cd0e7e60.woff2) format(\"woff2\"), url(https:\/\/assets.brevo.com\/font\/Roboto\/Latin\/bold\/normal\/ece3a1d82f18b60bcce0211725c476aa.woff) format(\"woff\")\n  }<\/p>\n<p>  #sib-container input:-ms-input-placeholder {\n    text-align: left;\n    font-family: Helvetica, sans-serif;\n    color: #c0ccda;\n  }<\/p>\n<p>  #sib-container input::placeholder {\n    text-align: left;\n    font-family: Helvetica, sans-serif;\n    color: #c0ccda;\n  }\n<\/style>\n<link rel=\"stylesheet\" href=\"https:\/\/sibforms.com\/forms\/end-form\/build\/sib-styles.css\">\n<!--  END - We recommend to place the above code in head tag of your website html --><\/p>\n<p><!-- START - We recommend to place the below code where you want the form in your website html  --><\/p>\n<div class=\"sib-form\" style=\"text-align: center;\n         background-color: #EFF2F7;                                           \"><\/p>\n<div id=\"sib-form-container\" class=\"sib-form-container\">\n<div id=\"sib-container\" class=\"sib-container--large sib-container--vertical\" style=\"text-align:center; background-color:rgba(255,255,255,1); max-width:540px; border-radius:3px; border-width:1px; border-color:#C0CCD9; border-style:solid;\">\n<form id=\"sib-form\" method=\"POST\" action=\"https:\/\/5d94d866.sibforms.com\/serve\/MUIFAFqJ_bumiC_yxd0PAQN7dTlEG9SLMA_mLXEf-769byH9IF2-axAKjVus_iqDK6JpgPk5Z66zXXZp2ablgSK9IJr1wuppiRpMygex8Wl81BXE02xGgS1tqm8GDzYYhtgb2FauduAUMnZ7FszPKoolPi-OXkAfOlyxu06knmimCZztHYAy5T1gnBSrHlJzMb6ioK6z3Faa5Ovb\">\n<div style=\"padding: 8px 0;\">\n<div class=\"sib-form-block sib-image-form-block\" style=\"text-align: center\">\n            <img decoding=\"async\" src=\"https:\/\/img.mailinblue.com\/3791165\/images\/rnb\/original\/6148adf022156308660afc36.png\" style=\"width: 400px;height: 112px;\" alt=\"\" title=\"\" \/>\n          <\/div>\n<\/p><\/div>\n<div style=\"padding: 8px 0;\">\n<div class=\"sib-form-block\" style=\"font-size:16px; text-align:left; font-family:Helvetica, sans-serif; color:#3C4858; background-color:transparent; text-align:left\">\n<div class=\"sib-text-form-block\">\n<p>Inscrivez-vous \u00e0 notre newsletter pour suivre nos actualit\u00e9s.<\/p>\n<\/p><\/div>\n<\/p><\/div>\n<\/p><\/div>\n<div style=\"padding: 8px 0;\">\n<div class=\"sib-input sib-form-block\">\n<div class=\"form__entry entry_block\">\n<div class=\"form__label-row \">\n                <label class=\"entry__label\" style=\"font-weight: 700; text-align:left; font-size:16px; text-align:left; font-weight:700; font-family:Helvetica, sans-serif; color:#3c4858;\" for=\"EMAIL\" data-required=\"*\">Veuillez renseigner votre adresse email pour vous inscrire<\/label><\/p>\n<div class=\"entry__field\">\n                  <input class=\"input \" type=\"text\" id=\"EMAIL\" name=\"EMAIL\" autocomplete=\"off\" placeholder=\"EMAIL\" data-required=\"true\" required \/>\n                <\/div>\n<\/p><\/div>\n<p>              <label class=\"entry__error entry__error--primary\" style=\"font-size:16px; text-align:left; font-family:Helvetica, sans-serif; color:#661d1d; background-color:#ffeded; border-radius:3px; border-color:#ff4949;\"><br \/>\n              <\/label><br \/>\n              <label class=\"entry__specification\" style=\"font-size:12px; text-align:left; font-family:Helvetica, sans-serif; color:#8390A4; text-align:left\"><br \/>\n                Veuillez renseigner votre adresse email pour vous inscrire. Ex. : abc@xyz.com<br \/>\n              <\/label>\n            <\/div>\n<\/p><\/div>\n<\/p><\/div>\n<div style=\"padding: 8px 0;\">\n<div class=\"sib-optin sib-form-block\">\n<div class=\"form__entry entry_mcq\">\n<div class=\"form__label-row \">\n<div class=\"entry__choice\" style=\"\">\n                  <label><br \/>\n                    <input type=\"checkbox\" class=\"input_replaced\" value=\"1\" id=\"OPT_IN\" name=\"OPT_IN\" \/><br \/>\n                    <span class=\"checkbox checkbox_tick_positive\"\n            style=\"margin-left:\"\n            ><\/span><span style=\"font-size:14px; text-align:left; font-family:Helvetica, sans-serif; color:#3e495e; background-color:transparent;\"><\/p>\n<p>J&rsquo;accepte de recevoir vos e-mails et confirme avoir pris connaissance de votre politique de confidentialit\u00e9 et mentions l\u00e9gales.<\/p>\n<p><\/span> <\/label>\n                <\/div>\n<\/p><\/div>\n<p>              <label class=\"entry__error entry__error--primary\" style=\"font-size:16px; text-align:left; font-family:Helvetica, sans-serif; color:#661d1d; background-color:#ffeded; border-radius:3px; border-color:#ff4949;\"><br \/>\n              <\/label><br \/>\n              <label class=\"entry__specification\" style=\"font-size:12px; text-align:left; font-family:Helvetica, sans-serif; color:#8390A4; text-align:left\"><br \/>\n                Vous pouvez vous d\u00e9sinscrire \u00e0 tout moment en cliquant sur le lien pr\u00e9sent dans nos emails.<br \/>\n              <\/label>\n            <\/div>\n<\/p><\/div>\n<\/p><\/div>\n<div style=\"padding: 8px 0;\">\n<div class=\"sib-form__declaration\" style=\"direction:ltr\">\n<div class=\"declaration-block-icon\">\n              <svg class=\"icon__SVG\" width=\"0\" height=\"0\" version=\"1.1\" xmlns=\"http:\/\/www.w3.org\/2000\/svg\">\n                <defs>\n                  <symbol id=\"svgIcon-sphere\" viewBox=\"0 0 63 63\">\n                    <path class=\"path1\" d=\"M31.54 0l1.05 3.06 3.385-.01-2.735 1.897 1.05 3.042-2.748-1.886-2.738 1.886 1.044-3.05-2.745-1.897h3.393zm13.97 3.019L46.555 6.4l3.384.01-2.743 2.101 1.048 3.387-2.752-2.1-2.752 2.1 1.054-3.382-2.745-2.105h3.385zm9.998 10.056l1.039 3.382h3.38l-2.751 2.1 1.05 3.382-2.744-2.091-2.743 2.091 1.054-3.381-2.754-2.1h3.385zM58.58 27.1l1.04 3.372h3.379l-2.752 2.096 1.05 3.387-2.744-2.091-2.75 2.092 1.054-3.387-2.747-2.097h3.376zm-3.076 14.02l1.044 3.364h3.385l-2.743 2.09 1.05 3.392-2.744-2.097-2.743 2.097 1.052-3.377-2.752-2.117 3.385-.01zm-9.985 9.91l1.045 3.364h3.393l-2.752 2.09 1.05 3.393-2.745-2.097-2.743 2.097 1.05-3.383-2.751-2.1 3.384-.01zM31.45 55.01l1.044 3.043 3.393-.008-2.752 1.9L34.19 63l-2.744-1.895-2.748 1.891 1.054-3.05-2.743-1.9h3.384zm-13.934-3.98l1.036 3.364h3.402l-2.752 2.09 1.053 3.393-2.747-2.097-2.752 2.097 1.053-3.382-2.743-2.1 3.384-.01zm-9.981-9.91l1.045 3.364h3.398l-2.748 2.09 1.05 3.392-2.753-2.1-2.752 2.096 1.053-3.382-2.743-2.102 3.384-.009zM4.466 27.1l1.038 3.372H8.88l-2.752 2.097 1.053 3.387-2.743-2.09-2.748 2.09 1.053-3.387L0 30.472h3.385zm3.069-14.025l1.045 3.382h3.395L9.23 18.56l1.05 3.381-2.752-2.09-2.752 2.09 1.053-3.381-2.744-2.1h3.384zm9.99-10.056L18.57 6.4l3.393.01-2.743 2.1 1.05 3.373-2.754-2.092-2.751 2.092 1.053-3.382-2.744-2.1h3.384zm24.938 19.394l-10-4.22a2.48 2.48 0 00-1.921 0l-10 4.22A2.529 2.529 0 0019 24.75c0 10.47 5.964 17.705 11.537 20.057a2.48 2.48 0 001.921 0C36.921 42.924 44 36.421 44 24.75a2.532 2.532 0 00-1.537-2.336zm-2.46 6.023l-9.583 9.705a.83.83 0 01-1.177 0l-5.416-5.485a.855.855 0 010-1.192l1.177-1.192a.83.83 0 011.177 0l3.65 3.697 7.819-7.916a.83.83 0 011.177 0l1.177 1.191a.843.843 0 010 1.192z\" fill=\"#0092FF\"><\/path>\n                  <\/symbol>\n                <\/defs>\n              <\/svg><br \/>\n              <svg class=\"svgIcon-sphere\" style=\"width:63px; height:63px;\">\n                <use xlink:href=\"#svgIcon-sphere\"><\/use>\n              <\/svg>\n            <\/div>\n<div style=\"font-size:14px; text-align:left; font-family:Helvetica, sans-serif; color:#687484; background-color:transparent;\">\n<p>Nous utilisons Brevo en tant que plateforme marketing. En soumettant ce formulaire, vous reconnaissez que les informations que vous allez fournir seront transmises \u00e0 Brevo en sa qualit\u00e9 de processeur de donn\u00e9es; et ce conform\u00e9ment \u00e0 ses <a href=\"https:\/\/www.brevo.com\/fr\/legal\/termsofuse\/\" target=\"_blank\">conditions g\u00e9n\u00e9rales d&rsquo;utilisation<\/a><\/p>\n<\/p><\/div>\n<\/p><\/div>\n<\/p><\/div>\n<div style=\"padding: 8px 0;\">\n        <\/div>\n<div style=\"padding: 8px 0;\">\n<div class=\"sib-form-block\" style=\"text-align: left\">\n            <button class=\"sib-form-block__button sib-form-block__button-with-loader\" style=\"font-size:16px; text-align:left; font-weight:700; font-family:Helvetica, sans-serif; color:#FFFFFF; background-color:#f29100; border-radius:3px; border-width:0px;\" form=\"sib-form\" type=\"submit\"><br \/>\n              <svg class=\"icon clickable__icon progress-indicator__icon sib-hide-loader-icon\" viewBox=\"0 0 512 512\">\n                <path d=\"M460.116 373.846l-20.823-12.022c-5.541-3.199-7.54-10.159-4.663-15.874 30.137-59.886 28.343-131.652-5.386-189.946-33.641-58.394-94.896-95.833-161.827-99.676C261.028 55.961 256 50.751 256 44.352V20.309c0-6.904 5.808-12.337 12.703-11.982 83.556 4.306 160.163 50.864 202.11 123.677 42.063 72.696 44.079 162.316 6.031 236.832-3.14 6.148-10.75 8.461-16.728 5.01z\" \/>\n              <\/svg><br \/>\n              S&#039;INSCRIRE<br \/>\n            <\/button>\n          <\/div>\n<\/p><\/div>\n<p>        <input type=\"text\" name=\"email_address_check\" value=\"\" class=\"input--hidden\"><br \/>\n        <input type=\"hidden\" name=\"locale\" value=\"fr\"><br \/>\n        <input type=\"hidden\" name=\"html_type\" value=\"simple\"><br \/>\n      <\/form>\n<\/p><\/div>\n<\/p><\/div>\n<\/div>\n<p><!-- END - We recommend to place the above code where you want the form in your website html  --><br \/>\n<!-- End Brevo Form --><\/div>\n<p>\n    <a href=\"https:\/\/www.cooperlic.be\/\">Retour \u00e0 la page d&rsquo;accueil<\/a>\n<\/p>\n<p><!--more--><br \/>\n<!-- {\"type\":\"layout\",\"children\":[{\"type\":\"section\",\"props\":{\"image_position\":\"center-center\",\"style\":\"default\",\"title_breakpoint\":\"xl\",\"title_position\":\"top-left\",\"title_rotation\":\"left\",\"vertical_align\":\"middle\",\"width\":\"default\"},\"children\":[{\"type\":\"row\",\"children\":[{\"type\":\"column\",\"props\":{\"image_position\":\"center-center\",\"position_sticky_breakpoint\":\"m\"},\"children\":[{\"type\":\"text\",\"props\":{\"column_breakpoint\":\"m\",\"content\":\"\n\n<h2>Vous voulez recevoir de nos nouvelles ! Quelle belle id\\u00e9e !<\\\/h2>\\n\n\n<p>Vous pouvez vous inscrire ci-dessous, mais sachez que vous recevrez notre newsletter d'office si vous \\u00eates coop\\u00e9rateurs. Donc ne vous enregistrez pas 2 fois ...<\\\/p>\",\"margin\":\"default\"}}]}]}]},{\"type\":\"section\",\"props\":{\"image_position\":\"center-center\",\"style\":\"default\",\"title_breakpoint\":\"xl\",\"title_position\":\"top-left\",\"title_rotation\":\"left\",\"vertical_align\":\"middle\",\"width\":\"default\"},\"children\":[{\"type\":\"row\",\"children\":[{\"type\":\"column\",\"props\":{\"image_position\":\"center-center\",\"position_sticky_breakpoint\":\"m\"},\"children\":[{\"type\":\"text\",\"props\":{\"column_breakpoint\":\"m\",\"content\":\"<!-- Begin Brevo Form -->\\n<!-- START - We recommend to place the below code in head tag of your website html  -->\\n<\/p>\n<style>\\n  @font-face {\\n    font-display: block;\\n    font-family: Roboto;\\n    src: url(https:\\\/\\\/assets.brevo.com\\\/font\\\/Roboto\\\/Latin\\\/normal\\\/normal\\\/7529907e9eaf8ebb5220c5f9850e3811.woff2) format(\\\"woff2\\\"), url(https:\\\/\\\/assets.brevo.com\\\/font\\\/Roboto\\\/Latin\\\/normal\\\/normal\\\/25c678feafdc175a70922a116c9be3e7.woff) format(\\\"woff\\\")\\n  }\\n\\n  @font-face {\\n    font-display: fallback;\\n    font-family: Roboto;\\n    font-weight: 600;\\n    src: url(https:\\\/\\\/assets.brevo.com\\\/font\\\/Roboto\\\/Latin\\\/medium\\\/normal\\\/6e9caeeafb1f3491be3e32744bc30440.woff2) format(\\\"woff2\\\"), url(https:\\\/\\\/assets.brevo.com\\\/font\\\/Roboto\\\/Latin\\\/medium\\\/normal\\\/71501f0d8d5aa95960f6475d5487d4c2.woff) format(\\\"woff\\\")\\n  }\\n\\n  @font-face {\\n    font-display: fallback;\\n    font-family: Roboto;\\n    font-weight: 700;\\n    src: url(https:\\\/\\\/assets.brevo.com\\\/font\\\/Roboto\\\/Latin\\\/bold\\\/normal\\\/3ef7cf158f310cf752d5ad08cd0e7e60.woff2) format(\\\"woff2\\\"), url(https:\\\/\\\/assets.brevo.com\\\/font\\\/Roboto\\\/Latin\\\/bold\\\/normal\\\/ece3a1d82f18b60bcce0211725c476aa.woff) format(\\\"woff\\\")\\n  }\\n\\n  #sib-container input:-ms-input-placeholder {\\n    text-align: left;\\n    font-family: Helvetica, sans-serif;\\n    color: #c0ccda;\\n  }\\n\\n  #sib-container input::placeholder {\\n    text-align: left;\\n    font-family: Helvetica, sans-serif;\\n    color: #c0ccda;\\n  }\\n<\\\/style>\\n<link rel=\\\"stylesheet\\\" href=\\\"https:\\\/\\\/sibforms.com\\\/forms\\\/end-form\\\/build\\\/sib-styles.css\\\">\\n<!--  END - We recommend to place the above code in head tag of your website html -->\\n\\n<!-- START - We recommend to place the below code where you want the form in your website html  -->\\n<\/p>\n<div class=\\\"sib-form\\\" style=\\\"text-align: center;\\n         background-color: #EFF2F7;                                           \\\">\\n  <\/p>\n<div id=\\\"sib-form-container\\\" class=\\\"sib-form-container\\\">\\n    <\/p>\n<div id=\\\"sib-container\\\" class=\\\"sib-container--large sib-container--vertical\\\" style=\\\"text-align:center; background-color:rgba(255,255,255,1); max-width:540px; border-radius:3px; border-width:1px; border-color:#C0CCD9; border-style:solid;\\\">\\n      <\/p>\n<form id=\\\"sib-form\\\" method=\\\"POST\\\" action=\\\"https:\\\/\\\/5d94d866.sibforms.com\\\/serve\\\/MUIFAFqJ_bumiC_yxd0PAQN7dTlEG9SLMA_mLXEf-769byH9IF2-axAKjVus_iqDK6JpgPk5Z66zXXZp2ablgSK9IJr1wuppiRpMygex8Wl81BXE02xGgS1tqm8GDzYYhtgb2FauduAUMnZ7FszPKoolPi-OXkAfOlyxu06knmimCZztHYAy5T1gnBSrHlJzMb6ioK6z3Faa5Ovb\\\">\\n        <\/p>\n<div style=\\\"padding: 8px 0;\\\">\\n          <\/p>\n<div class=\\\"sib-form-block sib-image-form-block\\\" style=\\\"text-align: center\\\">\\n            <img src=\\\"https:\\\/\\\/img.mailinblue.com\\\/3791165\\\/images\\\/rnb\\\/original\\\/6148adf022156308660afc36.png\\\" style=\\\"width: 400px;height: 112px;\\\" alt=\\\"\\\" title=\\\"\\\" \\\/>\\n          <\\\/div>\\n        <\\\/div>\\n        <\/p>\n<div style=\\\"padding: 8px 0;\\\">\\n          <\/p>\n<div class=\\\"sib-form-block\\\" style=\\\"font-size:16px; text-align:left; font-family:Helvetica, sans-serif; color:#3C4858; background-color:transparent; text-align:left\\\">\\n            <\/p>\n<div class=\\\"sib-text-form-block\\\">\\n              <\/p>\n<p>Inscrivez-vous \\u00e0 notre newsletter pour suivre nos actualit\\u00e9s.<\\\/p>\\n            <\\\/div>\\n          <\\\/div>\\n        <\\\/div>\\n        <\/p>\n<div style=\\\"padding: 8px 0;\\\">\\n          <\/p>\n<div class=\\\"sib-input sib-form-block\\\">\\n            <\/p>\n<div class=\\\"form__entry entry_block\\\">\\n              <\/p>\n<div class=\\\"form__label-row \\\">\\n                <label class=\\\"entry__label\\\" style=\\\"font-weight: 700; text-align:left; font-size:16px; text-align:left; font-weight:700; font-family:Helvetica, sans-serif; color:#3c4858;\\\" for=\\\"EMAIL\\\" data-required=\\\"*\\\">Veuillez renseigner votre adresse email pour vous inscrire<\\\/label>\\n\\n                <\/p>\n<div class=\\\"entry__field\\\">\\n                  <input class=\\\"input \\\" type=\\\"text\\\" id=\\\"EMAIL\\\" name=\\\"EMAIL\\\" autocomplete=\\\"off\\\" placeholder=\\\"EMAIL\\\" data-required=\\\"true\\\" required \\\/>\\n                <\\\/div>\\n              <\\\/div>\\n\\n              <label class=\\\"entry__error entry__error--primary\\\" style=\\\"font-size:16px; text-align:left; font-family:Helvetica, sans-serif; color:#661d1d; background-color:#ffeded; border-radius:3px; border-color:#ff4949;\\\">\\n              <\\\/label>\\n              <label class=\\\"entry__specification\\\" style=\\\"font-size:12px; text-align:left; font-family:Helvetica, sans-serif; color:#8390A4; text-align:left\\\">\\n                Veuillez renseigner votre adresse email pour vous inscrire. Ex. : abc@xyz.com\\n              <\\\/label>\\n            <\\\/div>\\n          <\\\/div>\\n        <\\\/div>\\n        <\/p>\n<div style=\\\"padding: 8px 0;\\\">\\n          <\/p>\n<div class=\\\"sib-optin sib-form-block\\\">\\n            <\/p>\n<div class=\\\"form__entry entry_mcq\\\">\\n              <\/p>\n<div class=\\\"form__label-row \\\">\\n                <\/p>\n<div class=\\\"entry__choice\\\" style=\\\"\\\">\\n                  <label>\\n                    <input type=\\\"checkbox\\\" class=\\\"input_replaced\\\" value=\\\"1\\\" id=\\\"OPT_IN\\\" name=\\\"OPT_IN\\\" \\\/>\\n                    <span class=\\\"checkbox checkbox_tick_positive\\\"\\n            style=\\\"margin-left:\\\"\\n            ><\\\/span><span style=\\\"font-size:14px; text-align:left; font-family:Helvetica, sans-serif; color:#3e495e; background-color:transparent;\\\"><\/p>\n<p>J'accepte de recevoir vos e-mails et confirme avoir pris connaissance de votre politique de confidentialit\\u00e9 et mentions l\\u00e9gales.<\\\/p><\\\/span> <\\\/label>\\n                <\\\/div>\\n              <\\\/div>\\n              <label class=\\\"entry__error entry__error--primary\\\" style=\\\"font-size:16px; text-align:left; font-family:Helvetica, sans-serif; color:#661d1d; background-color:#ffeded; border-radius:3px; border-color:#ff4949;\\\">\\n              <\\\/label>\\n              <label class=\\\"entry__specification\\\" style=\\\"font-size:12px; text-align:left; font-family:Helvetica, sans-serif; color:#8390A4; text-align:left\\\">\\n                Vous pouvez vous d\\u00e9sinscrire \\u00e0 tout moment en cliquant sur le lien pr\\u00e9sent dans nos emails.\\n              <\\\/label>\\n            <\\\/div>\\n          <\\\/div>\\n        <\\\/div>\\n        <\/p>\n<div style=\\\"padding: 8px 0;\\\">\\n          <\/p>\n<div class=\\\"sib-form__declaration\\\" style=\\\"direction:ltr\\\">\\n            <\/p>\n<div class=\\\"declaration-block-icon\\\">\\n              <svg class=\\\"icon__SVG\\\" width=\\\"0\\\" height=\\\"0\\\" version=\\\"1.1\\\" xmlns=\\\"http:\\\/\\\/www.w3.org\\\/2000\\\/svg\\\">\\n                <defs>\\n                  <symbol id=\\\"svgIcon-sphere\\\" viewBox=\\\"0 0 63 63\\\">\\n                    <path class=\\\"path1\\\" d=\\\"M31.54 0l1.05 3.06 3.385-.01-2.735 1.897 1.05 3.042-2.748-1.886-2.738 1.886 1.044-3.05-2.745-1.897h3.393zm13.97 3.019L46.555 6.4l3.384.01-2.743 2.101 1.048 3.387-2.752-2.1-2.752 2.1 1.054-3.382-2.745-2.105h3.385zm9.998 10.056l1.039 3.382h3.38l-2.751 2.1 1.05 3.382-2.744-2.091-2.743 2.091 1.054-3.381-2.754-2.1h3.385zM58.58 27.1l1.04 3.372h3.379l-2.752 2.096 1.05 3.387-2.744-2.091-2.75 2.092 1.054-3.387-2.747-2.097h3.376zm-3.076 14.02l1.044 3.364h3.385l-2.743 2.09 1.05 3.392-2.744-2.097-2.743 2.097 1.052-3.377-2.752-2.117 3.385-.01zm-9.985 9.91l1.045 3.364h3.393l-2.752 2.09 1.05 3.393-2.745-2.097-2.743 2.097 1.05-3.383-2.751-2.1 3.384-.01zM31.45 55.01l1.044 3.043 3.393-.008-2.752 1.9L34.19 63l-2.744-1.895-2.748 1.891 1.054-3.05-2.743-1.9h3.384zm-13.934-3.98l1.036 3.364h3.402l-2.752 2.09 1.053 3.393-2.747-2.097-2.752 2.097 1.053-3.382-2.743-2.1 3.384-.01zm-9.981-9.91l1.045 3.364h3.398l-2.748 2.09 1.05 3.392-2.753-2.1-2.752 2.096 1.053-3.382-2.743-2.102 3.384-.009zM4.466 27.1l1.038 3.372H8.88l-2.752 2.097 1.053 3.387-2.743-2.09-2.748 2.09 1.053-3.387L0 30.472h3.385zm3.069-14.025l1.045 3.382h3.395L9.23 18.56l1.05 3.381-2.752-2.09-2.752 2.09 1.053-3.381-2.744-2.1h3.384zm9.99-10.056L18.57 6.4l3.393.01-2.743 2.1 1.05 3.373-2.754-2.092-2.751 2.092 1.053-3.382-2.744-2.1h3.384zm24.938 19.394l-10-4.22a2.48 2.48 0 00-1.921 0l-10 4.22A2.529 2.529 0 0019 24.75c0 10.47 5.964 17.705 11.537 20.057a2.48 2.48 0 001.921 0C36.921 42.924 44 36.421 44 24.75a2.532 2.532 0 00-1.537-2.336zm-2.46 6.023l-9.583 9.705a.83.83 0 01-1.177 0l-5.416-5.485a.855.855 0 010-1.192l1.177-1.192a.83.83 0 011.177 0l3.65 3.697 7.819-7.916a.83.83 0 011.177 0l1.177 1.191a.843.843 0 010 1.192z\\\" fill=\\\"#0092FF\\\"><\\\/path>\\n                  <\\\/symbol>\\n                <\\\/defs>\\n              <\\\/svg>\\n              <svg class=\\\"svgIcon-sphere\\\" style=\\\"width:63px; height:63px;\\\">\\n                <use xlink:href=\\\"#svgIcon-sphere\\\"><\\\/use>\\n              <\\\/svg>\\n            <\\\/div>\\n            <\/p>\n<div style=\\\"font-size:14px; text-align:left; font-family:Helvetica, sans-serif; color:#687484; background-color:transparent;\\\">\\n              <\/p>\n<p>Nous utilisons Brevo en tant que plateforme marketing. En soumettant ce formulaire, vous reconnaissez que les informations que vous allez fournir seront transmises \\u00e0 Brevo en sa qualit\\u00e9 de processeur de donn\\u00e9es; et ce conform\\u00e9ment \\u00e0 ses <a href=\\\"https:\\\/\\\/www.brevo.com\\\/fr\\\/legal\\\/termsofuse\\\/\\\" target=\\\"_blank\\\">conditions g\\u00e9n\\u00e9rales d'utilisation<\\\/a><\\\/p>\\n            <\\\/div>\\n          <\\\/div>\\n        <\\\/div>\\n        <\/p>\n<div style=\\\"padding: 8px 0;\\\">\\n        <\\\/div>\\n        <\/p>\n<div style=\\\"padding: 8px 0;\\\">\\n          <\/p>\n<div class=\\\"sib-form-block\\\" style=\\\"text-align: left\\\">\\n            <button class=\\\"sib-form-block__button sib-form-block__button-with-loader\\\" style=\\\"font-size:16px; text-align:left; font-weight:700; font-family:Helvetica, sans-serif; color:#FFFFFF; background-color:#f29100; border-radius:3px; border-width:0px;\\\" form=\\\"sib-form\\\" type=\\\"submit\\\">\\n              <svg class=\\\"icon clickable__icon progress-indicator__icon sib-hide-loader-icon\\\" viewBox=\\\"0 0 512 512\\\">\\n                <path d=\\\"M460.116 373.846l-20.823-12.022c-5.541-3.199-7.54-10.159-4.663-15.874 30.137-59.886 28.343-131.652-5.386-189.946-33.641-58.394-94.896-95.833-161.827-99.676C261.028 55.961 256 50.751 256 44.352V20.309c0-6.904 5.808-12.337 12.703-11.982 83.556 4.306 160.163 50.864 202.11 123.677 42.063 72.696 44.079 162.316 6.031 236.832-3.14 6.148-10.75 8.461-16.728 5.01z\\\" \\\/>\\n              <\\\/svg>\\n              S&#039;INSCRIRE\\n            <\\\/button>\\n          <\\\/div>\\n        <\\\/div>\\n        <input type=\\\"text\\\" name=\\\"email_address_check\\\" value=\\\"\\\" class=\\\"input--hidden\\\">\\n        <input type=\\\"hidden\\\" name=\\\"locale\\\" value=\\\"fr\\\">\\n        <input type=\\\"hidden\\\" name=\\\"html_type\\\" value=\\\"simple\\\">\\n      <\\\/form>\\n    <\\\/div>\\n  <\\\/div>\\n<\\\/div>\\n<!-- END - We recommend to place the above code where you want the form in your website html  -->\\n<!-- End Brevo Form -->\",\"margin\":\"default\"}}]}]}]},{\"type\":\"section\",\"props\":{\"image_position\":\"center-center\",\"style\":\"default\",\"title_breakpoint\":\"xl\",\"title_position\":\"top-left\",\"title_rotation\":\"left\",\"vertical_align\":\"middle\",\"width\":\"default\"},\"children\":[{\"type\":\"row\",\"children\":[{\"type\":\"column\",\"props\":{\"image_position\":\"center-center\",\"position_sticky_breakpoint\":\"m\"},\"children\":[{\"type\":\"button\",\"props\":{\"grid_column_gap\":\"small\",\"grid_row_gap\":\"small\",\"margin\":\"default\"},\"children\":[{\"type\":\"button_item\",\"props\":{\"button_style\":\"default\",\"content\":\"Retour \\u00e0 la page d'accueil\",\"icon_align\":\"left\",\"link\":\"https:\\\/\\\/www.cooperlic.be\\\/\"}}]}]}]}]}],\"version\":\"4.4.6\"} --><\/p>\n","protected":false},"excerpt":{"rendered":"<p>Vous voulez recevoir de nos nouvelles ! Quelle belle id\u00e9e ! Vous pouvez vous inscrire ci-dessous, mais sachez que vous recevrez notre newsletter d&rsquo;office si vous \u00eates coop\u00e9rateurs. Donc ne vous enregistrez pas 2 fois &#8230; Inscrivez-vous \u00e0 notre newsletter pour suivre nos actualit\u00e9s. Veuillez renseigner votre adresse email pour vous inscrire Veuillez renseigner votre [&hellip;]<\/p>\n","protected":false},"author":3,"featured_media":0,"parent":0,"menu_order":0,"comment_status":"closed","ping_status":"closed","template":"","meta":{"footnotes":""},"class_list":["post-867","page","type-page","status-publish","hentry"],"_links":{"self":[{"href":"https:\/\/www.cooperlic.be\/index.php\/wp-json\/wp\/v2\/pages\/867","targetHints":{"allow":["GET"]}}],"collection":[{"href":"https:\/\/www.cooperlic.be\/index.php\/wp-json\/wp\/v2\/pages"}],"about":[{"href":"https:\/\/www.cooperlic.be\/index.php\/wp-json\/wp\/v2\/types\/page"}],"author":[{"embeddable":true,"href":"https:\/\/www.cooperlic.be\/index.php\/wp-json\/wp\/v2\/users\/3"}],"replies":[{"embeddable":true,"href":"https:\/\/www.cooperlic.be\/index.php\/wp-json\/wp\/v2\/comments?post=867"}],"version-history":[{"count":9,"href":"https:\/\/www.cooperlic.be\/index.php\/wp-json\/wp\/v2\/pages\/867\/revisions"}],"predecessor-version":[{"id":889,"href":"https:\/\/www.cooperlic.be\/index.php\/wp-json\/wp\/v2\/pages\/867\/revisions\/889"}],"wp:attachment":[{"href":"https:\/\/www.cooperlic.be\/index.php\/wp-json\/wp\/v2\/media?parent=867"}],"curies":[{"name":"wp","href":"https:\/\/api.w.org\/{rel}","templated":true}]}}