{"id":93,"date":"2023-08-25T13:03:58","date_gmt":"2023-08-25T11:03:58","guid":{"rendered":"http:\/\/test8899.cooperlic.be\/?page_id=93"},"modified":"2024-09-06T17:21:32","modified_gmt":"2024-09-06T15:21:32","slug":"citoyen","status":"publish","type":"page","link":"https:\/\/www.cooperlic.be\/index.php\/pour-qui\/citoyen\/","title":{"rendered":"Citoyen"},"content":{"rendered":"<h1>\n<p><span style=\"color: #ffc000;\">Citoyen.ne<\/span><\/p>\n<\/h1>\n<div>\n<p style=\"margin-bottom: 0cm; color: #000000; font-size: medium;\"><strong>Vous vous sentez concern\u00e9.e par la transition \u00e9cologique ? Vous voulez repensez votre rapport \u00e0 l&rsquo;\u00e9nergie ?<\/strong><\/p>\n<p style=\"margin-bottom: 0cm; color: #000000; font-size: medium;\">Vous voulez avoir un impact positif en vous investissant dans une soci\u00e9t\u00e9 qui agit \u00e0 son \u00e9chelle afin de poursuivre les objectifs climatiques et de faire gagner Li\u00e8ge en autonomie.<\/p>\n<p style=\"margin-bottom: 0cm; color: #000000; font-size: medium;\">Vous voulez que votre argent serve \u00e0 des projets concrets, utiles \u00e0 la soci\u00e9t\u00e9 et \u00e0 votre r\u00e9gion.<\/p>\n<p style=\"margin-bottom: 0cm; color: #000000; font-size: medium;\">Pour cela, vous pouvez vous engager de diff\u00e9rentes fa\u00e7ons :<\/p>\n<ul style=\"color: #000000; font-size: medium;\">\n<li>\n<p style=\"margin-bottom: 0cm;\"><a href=\"https:\/\/www.cooperlic.be\/index.php\/cooperative\/devenez-cooperateur\/\">Devenir coop\u00e9rateur<\/a> <\/p>\n<\/li>\n<li>\n<p style=\"margin-bottom: 0cm;\"><a href=\"http:\/\/France Capon &lt;francecapon@live.be&gt;\" data-wplink-url-error=\"true\">Donner du temps pour nous aider<\/a> (envoyer un mail \u00e0 cette personne en lui expliquant comment vous voulez nous aider)<\/p>\n<\/li>\n<li>\n<p style=\"margin-bottom: 0cm;\">Devenir client chez <a href=\"http:\/\/www.cociter.be\">Cociter<\/a> pour participer au circuit court de l&rsquo;\u00e9nergie gr\u00e2ce \u00e0 vos parts <\/p>\n<\/li>\n<\/ul>\n<\/div>\n<p><img decoding=\"async\" src=\"\/wp-content\/uploads\/2024\/06\/citoyen.jpg\" alt=\"\"><\/p>\n<p><!--more--><br \/>\n<!-- {\"type\":\"layout\",\"children\":[{\"name\":\"Citoyen\",\"type\":\"section\",\"props\":{\"image_position\":\"center-center\",\"padding\":\"large\",\"style\":\"default\",\"title_breakpoint\":\"xl\",\"title_position\":\"top-left\",\"title_rotation\":\"left\",\"vertical_align\":\"\",\"width\":\"xlarge\"},\"children\":[{\"type\":\"row\",\"children\":[{\"type\":\"column\",\"props\":{\"image_position\":\"center-center\",\"position_sticky_breakpoint\":\"m\",\"width_medium\":\"1-2\"},\"children\":[{\"type\":\"headline\",\"props\":{\"content\":\"\n\n<p><span style=\\\"color: #ffc000;\\\">Citoyen.ne<\\\/span><\\\/p>\",\"text_align\":\"center\",\"title_element\":\"h1\",\"title_font_family\":\"secondary\",\"title_style\":\"heading-small\"}},{\"type\":\"text\",\"props\":{\"block_align\":\"center\",\"column_breakpoint\":\"m\",\"content\":\"\n\n<p style=\\\"margin-bottom: 0cm; color: #000000; font-size: medium;\\\"><strong>Vous vous sentez concern\\u00e9.e par la transition \\u00e9cologique ? Vous voulez repensez votre rapport \\u00e0 l'\\u00e9nergie ?<\\\/strong><\\\/p>\\n\n\n<p style=\\\"margin-bottom: 0cm; color: #000000; font-size: medium;\\\">Vous voulez avoir un impact positif en vous investissant dans une soci\\u00e9t\\u00e9 qui agit \\u00e0 son \\u00e9chelle afin de poursuivre les objectifs climatiques et de faire gagner Li\\u00e8ge en autonomie.<\\\/p>\\n\n\n<p style=\\\"margin-bottom: 0cm; color: #000000; font-size: medium;\\\">Vous voulez que votre argent serve \\u00e0 des projets concrets, utiles \\u00e0 la soci\\u00e9t\\u00e9 et \\u00e0 votre r\\u00e9gion.<\\\/p>\\n\n\n<p style=\\\"margin-bottom: 0cm; color: #000000; font-size: medium;\\\">Pour cela, vous pouvez vous engager de diff\\u00e9rentes fa\\u00e7ons :<\\\/p>\\n\n\n<ul style=\\\"color: #000000; font-size: medium;\\\">\\n\n\n<li>\\n\n\n<p style=\\\"margin-bottom: 0cm;\\\"><a href=\\\"https:\\\/\\\/www.cooperlic.be\\\/index.php\\\/cooperative\\\/devenez-cooperateur\\\/\\\">Devenir coop\\u00e9rateur<\\\/a> <\\\/p>\\n<\\\/li>\\n\n\n<li>\\n\n\n<p style=\\\"margin-bottom: 0cm;\\\"><a href=\\\"http:\\\/\\\/France Capon &lt;francecapon@live.be&gt;\\\" data-wplink-url-error=\\\"true\\\">Donner du temps pour nous aider<\\\/a> (envoyer un mail \\u00e0 cette personne en lui expliquant comment vous voulez nous aider)<\\\/p>\\n<\\\/li>\\n\n\n<li>\\n\n\n<p style=\\\"margin-bottom: 0cm;\\\">Devenir client chez <a href=\\\"http:\\\/\\\/www.cociter.be\\\">Cociter<\\\/a> pour participer au circuit court de l'\\u00e9nergie gr\\u00e2ce \\u00e0 vos parts <\\\/p>\\n<\\\/li>\\n<\\\/ul>\",\"margin\":\"default\",\"maxwidth\":\"xlarge\",\"text_align\":\"left\"}}]},{\"type\":\"column\",\"props\":{\"image_position\":\"center-center\",\"position_sticky_breakpoint\":\"m\",\"width_medium\":\"1-2\"},\"children\":[{\"type\":\"image\",\"props\":{\"image\":\"wp-content\\\/uploads\\\/2024\\\/06\\\/citoyen.jpg\",\"image_svg_color\":\"emphasis\",\"margin\":\"default\"}}]}],\"props\":{\"layout\":\"1-2,1-2\"}}]}],\"version\":\"4.4.6\"} --><\/p>\n","protected":false},"excerpt":{"rendered":"<p>Citoyen.ne Vous vous sentez concern\u00e9.e par la transition \u00e9cologique ? Vous voulez repensez votre rapport \u00e0 l&rsquo;\u00e9nergie ? Vous voulez avoir un impact positif en vous investissant dans une soci\u00e9t\u00e9 qui agit \u00e0 son \u00e9chelle afin de poursuivre les objectifs climatiques et de faire gagner Li\u00e8ge en autonomie. Vous voulez que votre argent serve \u00e0 [&hellip;]<\/p>\n","protected":false},"author":4,"featured_media":0,"parent":78,"menu_order":5,"comment_status":"closed","ping_status":"closed","template":"","meta":{"footnotes":""},"class_list":["post-93","page","type-page","status-publish","hentry"],"_links":{"self":[{"href":"https:\/\/www.cooperlic.be\/index.php\/wp-json\/wp\/v2\/pages\/93","targetHints":{"allow":["GET"]}}],"collection":[{"href":"https:\/\/www.cooperlic.be\/index.php\/wp-json\/wp\/v2\/pages"}],"about":[{"href":"https:\/\/www.cooperlic.be\/index.php\/wp-json\/wp\/v2\/types\/page"}],"author":[{"embeddable":true,"href":"https:\/\/www.cooperlic.be\/index.php\/wp-json\/wp\/v2\/users\/4"}],"replies":[{"embeddable":true,"href":"https:\/\/www.cooperlic.be\/index.php\/wp-json\/wp\/v2\/comments?post=93"}],"version-history":[{"count":7,"href":"https:\/\/www.cooperlic.be\/index.php\/wp-json\/wp\/v2\/pages\/93\/revisions"}],"predecessor-version":[{"id":784,"href":"https:\/\/www.cooperlic.be\/index.php\/wp-json\/wp\/v2\/pages\/93\/revisions\/784"}],"up":[{"embeddable":true,"href":"https:\/\/www.cooperlic.be\/index.php\/wp-json\/wp\/v2\/pages\/78"}],"wp:attachment":[{"href":"https:\/\/www.cooperlic.be\/index.php\/wp-json\/wp\/v2\/media?parent=93"}],"curies":[{"name":"wp","href":"https:\/\/api.w.org\/{rel}","templated":true}]}}