{"id":939,"date":"2024-12-16T10:59:03","date_gmt":"2024-12-16T09:59:03","guid":{"rendered":"https:\/\/www.cooperlic.be\/?page_id=939"},"modified":"2025-12-09T18:01:19","modified_gmt":"2025-12-09T17:01:19","slug":"a-la-recherche-dun-cadeau-original-offrez-des-parts-de-votre-cooperative-preferee","status":"publish","type":"page","link":"https:\/\/www.cooperlic.be\/index.php\/a-la-recherche-dun-cadeau-original-offrez-des-parts-de-votre-cooperative-preferee\/","title":{"rendered":"\u00c0 la recherche d&rsquo;un cadeau original ? Offrez des parts de votre Coop\u00e9rative pr\u00e9f\u00e9r\u00e9e !"},"content":{"rendered":"<h1>\u00c0 la recherche d&rsquo;un cadeau original ? Offrez des parts de votre Coop\u00e9rative pr\u00e9f\u00e9r\u00e9e !<\/h1>\n<ul>\n<li>\n<p><img decoding=\"async\" src=\"\/wp-content\/uploads\/2025\/12\/Designer.png\" alt=\"\"><\/p>\n<\/li>\n<li>\n<div>\n<p>No\u00ebl approche \u00e0 grands pas, et avec lui, la qu\u00eate du cadeau id\u00e9al. Si vous souhaitez offrir un pr\u00e9sent \u00e0 la fois original, durable et solidaire, pourquoi ne pas envisager de mettre des parts de votre Coop\u00e9rative pr\u00e9f\u00e9r\u00e9e sous le sapin ? En offrant une ou des parts \u00e0 <em>CoopERLiC<\/em>, vous faites bien plus qu&rsquo;offrir un simple objet : vous contribuez activement \u00e0 un projet de transition \u00e9nerg\u00e9tique local tout en permettant au b\u00e9n\u00e9ficiaire de profiter d&rsquo;avantages fiscaux int\u00e9ressants.<\/p>\n<\/div>\n<\/li>\n<\/ul>\n<blockquote>\n<p>Un cadeau \u00e0 double impact !<\/p>\n<\/blockquote>\n<div>\n<p>En offrant des parts de CoopERLiC, vous permettez \u00e0 vos proches de participer \u00e0 un projet concret visant \u00e0 acc\u00e9l\u00e9rer la transition \u00e9nerg\u00e9tique de la r\u00e9gion li\u00e9geoise. CoopERLiC est une coop\u00e9rative qui soutient des initiatives locales pour une \u00e9nergie plus verte et plus durable. En mettant des parts de cette coop\u00e9rative sous le sapin, vous offrez un cadeau qui s&rsquo;inscrit pleinement dans les enjeux de d\u00e9veloppement durable et de responsabilit\u00e9 soci\u00e9tale.<\/p>\n<p>Mais ce n&rsquo;est pas tout : en plus de ce geste solidaire, le b\u00e9n\u00e9ficiaire du cadeau pourra \u00e9galement profiter d&rsquo;une r\u00e9duction d&rsquo;imp\u00f4t de 45% sur le montant des parts offertes. C&rsquo;est un v\u00e9ritable <em>double cadeau<\/em> : un soutien \u00e0 la transition \u00e9nerg\u00e9tique et un avantage financier. De quoi joindre l&rsquo;utile \u00e0 l&rsquo;agr\u00e9able !<\/p>\n<\/div>\n<blockquote>\n<p>Un cadeau durable et engag\u00e9<\/p>\n<\/blockquote>\n<div>\n<p>Dans un monde o\u00f9 l&rsquo;urgence climatique est de plus en plus \u00e9vidente, les initiatives locales comme celles de CoopERLiC prennent une importance capitale. La coop\u00e9rative investit dans des projets d&rsquo;\u00e9nergie renouvelable, des solutions pour rendre les b\u00e2timents plus performants \u00e9nerg\u00e9tiquement, et bien plus encore. Offrir des parts \u00e0 vos proches, c\u2019est leur permettre de participer \u00e0 cette transformation positive pour notre plan\u00e8te.<\/p>\n<p>En offrant des parts de CoopERLiC, vous contribuez \u00e9galement \u00e0 la vitalit\u00e9 de l&rsquo;\u00e9conomie locale, en soutenant des projets qui favorisent l&#8217;emploi, la r\u00e9duction des \u00e9missions de CO2 et l\u2019autonomie \u00e9nerg\u00e9tique de notre r\u00e9gion.<\/p>\n<\/div>\n<blockquote>\n<p>Comment \u00e7a marche ?<\/p>\n<\/blockquote>\n<div>\n<p>Rien de plus simple : il vous suffit d&rsquo;acheter des parts de CoopERLiC au nom de la personne \u00e0 qui vous voulez les offrir. Il vous faudra quelques informations (son num\u00e9ro national, ses coordonn\u00e9es) . Les parts sont attribu\u00e9es au nom du b\u00e9n\u00e9ficiaire, qui recevra ainsi tous les avantages li\u00e9s \u00e0 cet investissement, y compris la r\u00e9duction fiscale de 45%. De plus, ces parts peuvent \u00eatre conserv\u00e9es sur le long terme, offrant ainsi un cadeau dont le b\u00e9n\u00e9ficiaire pourra profiter pendant plusieurs ann\u00e9es. Puis vous t\u00e9l\u00e9chargez\u00a0 et imprimez notre document pour le mettre sous le sapin ou sous le gui.<\/p>\n<\/div>\n<p>\n    <a href=\"https:\/\/cloud.rescoop-wallonie.be\/index.php\/s\/ZCZxHz8HxZfCRK9\">T\u00e9l\u00e9chargez \u00ab\u00a0Bon cadeau \u00ab\u00a0<\/a>\n<\/p>\n<p><!--more--><br \/>\n<!-- {\"type\":\"layout\",\"children\":[{\"type\":\"section\",\"props\":{\"image_position\":\"center-center\",\"style\":\"default\",\"title_breakpoint\":\"xl\",\"title_position\":\"top-left\",\"title_rotation\":\"left\",\"vertical_align\":\"middle\",\"width\":\"default\"},\"children\":[{\"type\":\"row\",\"children\":[{\"type\":\"column\",\"props\":{\"image_position\":\"center-center\",\"position_sticky_breakpoint\":\"m\"},\"children\":[{\"type\":\"headline\",\"props\":{\"content\":\"\\u00c0 la recherche d'un cadeau original ? Offrez des parts de votre Coop\\u00e9rative pr\\u00e9f\\u00e9r\\u00e9e !\",\"title_element\":\"h1\"}}]}]}]},{\"type\":\"section\",\"props\":{\"image_position\":\"center-center\",\"style\":\"default\",\"title_breakpoint\":\"xl\",\"title_position\":\"top-left\",\"title_rotation\":\"left\",\"vertical_align\":\"middle\",\"width\":\"default\"},\"children\":[{\"type\":\"row\",\"children\":[{\"type\":\"column\",\"props\":{\"image_position\":\"center-center\",\"position_sticky_breakpoint\":\"m\"},\"children\":[{\"type\":\"grid\",\"props\":{\"content_column_breakpoint\":\"m\",\"filter_align\":\"left\",\"filter_all\":true,\"filter_grid_breakpoint\":\"m\",\"filter_grid_width\":\"auto\",\"filter_position\":\"top\",\"filter_style\":\"tab\",\"grid_default\":\"1\",\"grid_medium\":\"3\",\"icon_width\":80,\"image_align\":\"top\",\"image_grid_breakpoint\":\"m\",\"image_grid_width\":\"1-2\",\"image_svg_color\":\"emphasis\",\"item_animation\":true,\"link_style\":\"default\",\"link_text\":\"Read more\",\"margin\":\"default\",\"meta_align\":\"below-title\",\"meta_element\":\"div\",\"meta_style\":\"text-meta\",\"show_content\":true,\"show_image\":true,\"show_link\":true,\"show_meta\":true,\"show_title\":true,\"title_align\":\"top\",\"title_element\":\"h3\",\"title_grid_breakpoint\":\"m\",\"title_grid_width\":\"1-2\",\"title_hover_style\":\"reset\"},\"children\":[{\"type\":\"grid_item\",\"props\":{\"image\":\"wp-content\\\/uploads\\\/2025\\\/12\\\/Designer.png\"}},{\"type\":\"grid_item\",\"props\":{\"content\":\"\n\n<p>No\\u00ebl approche \\u00e0 grands pas, et avec lui, la qu\\u00eate du cadeau id\\u00e9al. Si vous souhaitez offrir un pr\\u00e9sent \\u00e0 la fois original, durable et solidaire, pourquoi ne pas envisager de mettre des parts de votre Coop\\u00e9rative pr\\u00e9f\\u00e9r\\u00e9e sous le sapin ? En offrant une ou des parts \\u00e0 <em>CoopERLiC<\\\/em>, vous faites bien plus qu'offrir un simple objet : vous contribuez activement \\u00e0 un projet de transition \\u00e9nerg\\u00e9tique local tout en permettant au b\\u00e9n\\u00e9ficiaire de profiter d'avantages fiscaux int\\u00e9ressants.<\\\/p>\"}}]}]}]},{\"type\":\"row\",\"children\":[{\"type\":\"column\",\"props\":{\"image_position\":\"center-center\",\"position_sticky_breakpoint\":\"m\"},\"children\":[{\"type\":\"quotation\",\"props\":{\"content\":\"\n\n<p>Un cadeau \\u00e0 double impact !<\\\/p>\"}}]}]},{\"type\":\"row\",\"children\":[{\"type\":\"column\",\"props\":{\"image_position\":\"center-center\",\"position_sticky_breakpoint\":\"m\"},\"children\":[{\"type\":\"text\",\"props\":{\"column_breakpoint\":\"m\",\"content\":\"\n\n<p>En offrant des parts de CoopERLiC, vous permettez \\u00e0 vos proches de participer \\u00e0 un projet concret visant \\u00e0 acc\\u00e9l\\u00e9rer la transition \\u00e9nerg\\u00e9tique de la r\\u00e9gion li\\u00e9geoise. CoopERLiC est une coop\\u00e9rative qui soutient des initiatives locales pour une \\u00e9nergie plus verte et plus durable. En mettant des parts de cette coop\\u00e9rative sous le sapin, vous offrez un cadeau qui s'inscrit pleinement dans les enjeux de d\\u00e9veloppement durable et de responsabilit\\u00e9 soci\\u00e9tale.<\\\/p>\\n\n\n<p>Mais ce n'est pas tout : en plus de ce geste solidaire, le b\\u00e9n\\u00e9ficiaire du cadeau pourra \\u00e9galement profiter d'une r\\u00e9duction d'imp\\u00f4t de 45% sur le montant des parts offertes. C'est un v\\u00e9ritable <em>double cadeau<\\\/em> : un soutien \\u00e0 la transition \\u00e9nerg\\u00e9tique et un avantage financier. De quoi joindre l'utile \\u00e0 l'agr\\u00e9able !<\\\/p>\",\"margin\":\"default\"}}]}]},{\"type\":\"row\",\"children\":[{\"type\":\"column\",\"props\":{\"image_position\":\"center-center\",\"position_sticky_breakpoint\":\"m\"},\"children\":[{\"type\":\"quotation\",\"props\":{\"content\":\"\n\n<p>Un cadeau durable et engag\\u00e9<\\\/p>\"}}]}]},{\"type\":\"row\",\"children\":[{\"type\":\"column\",\"props\":{\"image_position\":\"center-center\",\"position_sticky_breakpoint\":\"m\"},\"children\":[{\"type\":\"text\",\"props\":{\"column_breakpoint\":\"m\",\"content\":\"\n\n<p>Dans un monde o\\u00f9 l'urgence climatique est de plus en plus \\u00e9vidente, les initiatives locales comme celles de CoopERLiC prennent une importance capitale. La coop\\u00e9rative investit dans des projets d'\\u00e9nergie renouvelable, des solutions pour rendre les b\\u00e2timents plus performants \\u00e9nerg\\u00e9tiquement, et bien plus encore. Offrir des parts \\u00e0 vos proches, c\\u2019est leur permettre de participer \\u00e0 cette transformation positive pour notre plan\\u00e8te.<\\\/p>\\n\n\n<p>En offrant des parts de CoopERLiC, vous contribuez \\u00e9galement \\u00e0 la vitalit\\u00e9 de l'\\u00e9conomie locale, en soutenant des projets qui favorisent l'emploi, la r\\u00e9duction des \\u00e9missions de CO2 et l\\u2019autonomie \\u00e9nerg\\u00e9tique de notre r\\u00e9gion.<\\\/p>\",\"margin\":\"default\"}}]}]},{\"type\":\"row\",\"children\":[{\"type\":\"column\",\"props\":{\"image_position\":\"center-center\",\"position_sticky_breakpoint\":\"m\"},\"children\":[{\"type\":\"quotation\",\"props\":{\"content\":\"\n\n<p>Comment \\u00e7a marche ?<\\\/p>\"}}]}]},{\"type\":\"row\",\"children\":[{\"type\":\"column\",\"props\":{\"image_position\":\"center-center\",\"position_sticky_breakpoint\":\"m\"},\"children\":[{\"type\":\"text\",\"props\":{\"column_breakpoint\":\"m\",\"content\":\"\n\n<p>Rien de plus simple : il vous suffit d'acheter des parts de CoopERLiC au nom de la personne \\u00e0 qui vous voulez les offrir. Il vous faudra quelques informations (son num\\u00e9ro national, ses coordonn\\u00e9es) . Les parts sont attribu\\u00e9es au nom du b\\u00e9n\\u00e9ficiaire, qui recevra ainsi tous les avantages li\\u00e9s \\u00e0 cet investissement, y compris la r\\u00e9duction fiscale de 45%. De plus, ces parts peuvent \\u00eatre conserv\\u00e9es sur le long terme, offrant ainsi un cadeau dont le b\\u00e9n\\u00e9ficiaire pourra profiter pendant plusieurs ann\\u00e9es. Puis vous t\\u00e9l\\u00e9chargez\\u00a0 et imprimez notre document pour le mettre sous le sapin ou sous le gui.<\\\/p>\",\"margin\":\"default\"}}]}]},{\"type\":\"row\",\"children\":[{\"type\":\"column\",\"props\":{\"image_position\":\"center-center\",\"position_sticky_breakpoint\":\"m\"},\"children\":[{\"type\":\"button\",\"props\":{\"grid_column_gap\":\"small\",\"grid_row_gap\":\"small\",\"margin\":\"default\"},\"children\":[{\"type\":\"button_item\",\"props\":{\"button_style\":\"danger\",\"content\":\"T\\u00e9l\\u00e9chargez \\\"Bon cadeau \\\"\",\"icon_align\":\"left\",\"link\":\"https:\\\/\\\/cloud.rescoop-wallonie.be\\\/index.php\\\/s\\\/ZCZxHz8HxZfCRK9\"}}]}]}]}]}],\"version\":\"4.4.6\"} --><\/p>\n","protected":false},"excerpt":{"rendered":"<p>\u00c0 la recherche d&rsquo;un cadeau original ? Offrez des parts de votre Coop\u00e9rative pr\u00e9f\u00e9r\u00e9e ! No\u00ebl approche \u00e0 grands pas, et avec lui, la qu\u00eate du cadeau id\u00e9al. Si vous souhaitez offrir un pr\u00e9sent \u00e0 la fois original, durable et solidaire, pourquoi ne pas envisager de mettre des parts de votre Coop\u00e9rative pr\u00e9f\u00e9r\u00e9e sous le [&hellip;]<\/p>\n","protected":false},"author":3,"featured_media":0,"parent":0,"menu_order":0,"comment_status":"closed","ping_status":"closed","template":"","meta":{"footnotes":""},"class_list":["post-939","page","type-page","status-publish","hentry"],"_links":{"self":[{"href":"https:\/\/www.cooperlic.be\/index.php\/wp-json\/wp\/v2\/pages\/939","targetHints":{"allow":["GET"]}}],"collection":[{"href":"https:\/\/www.cooperlic.be\/index.php\/wp-json\/wp\/v2\/pages"}],"about":[{"href":"https:\/\/www.cooperlic.be\/index.php\/wp-json\/wp\/v2\/types\/page"}],"author":[{"embeddable":true,"href":"https:\/\/www.cooperlic.be\/index.php\/wp-json\/wp\/v2\/users\/3"}],"replies":[{"embeddable":true,"href":"https:\/\/www.cooperlic.be\/index.php\/wp-json\/wp\/v2\/comments?post=939"}],"version-history":[{"count":4,"href":"https:\/\/www.cooperlic.be\/index.php\/wp-json\/wp\/v2\/pages\/939\/revisions"}],"predecessor-version":[{"id":1077,"href":"https:\/\/www.cooperlic.be\/index.php\/wp-json\/wp\/v2\/pages\/939\/revisions\/1077"}],"wp:attachment":[{"href":"https:\/\/www.cooperlic.be\/index.php\/wp-json\/wp\/v2\/media?parent=939"}],"curies":[{"name":"wp","href":"https:\/\/api.w.org\/{rel}","templated":true}]}}