{"id":97,"date":"2023-08-25T13:05:42","date_gmt":"2023-08-25T11:05:42","guid":{"rendered":"http:\/\/test8899.cooperlic.be\/?page_id=97"},"modified":"2024-11-11T18:11:59","modified_gmt":"2024-11-11T17:11:59","slug":"realisations","status":"publish","type":"page","link":"https:\/\/www.cooperlic.be\/index.php\/realisations\/","title":{"rendered":"R\u00e9alisations"},"content":{"rendered":"<ul>\n<li>\n<p><img decoding=\"async\" src=\"\/wp-content\/uploads\/2024\/06\/juprelle2-scaled.jpg\" alt=\"\"><\/p>\n<h2>Eolienne de Juprelle \u2013 Production<\/h2>\n<p>En cours<\/p>\n<div>\n<p><span style=\"font-family: Times New Roman, sans-serif;\"><span style=\"font-size: medium;\"><span style=\"color: #002c29;\"><span style=\"font-family: Calibri, sans-serif;\">L&rsquo;\u00e9olienne de Juprelle est un de nos premiers investissements. Afin de renforcer le d\u00e9marrage de CoopERLiC, HesbEnergie nous a propos\u00e9 de participer \u00e0 leur projet. Cela fait l\u2019objet d\u2019un beau partage d\u2019expertise. Merci \u00e0 eux.<\/span><\/span><\/span><\/span><\/p>\n<p><span style=\"font-family: Times New Roman, sans-serif;\"><span style=\"font-size: medium;\"><span style=\"color: #002c29;\"><span style=\"font-family: Calibri, sans-serif;\">L\u2019\u00e9olienne se situe route de Glons \u00e0 Juprelle.<\/span><\/span><\/span><\/span><\/p>\n<\/div>\n<p><a href=\"\/index.php\/juprelle\/\">En savoir plus<\/a><\/p>\n<\/li>\n<li>\n<p><img decoding=\"async\" src=\"\/wp-content\/uploads\/2024\/06\/prehisto-1-scaled.jpg\" alt=\"\"><\/p>\n<h2>Le Pr\u00e9histomuseum \u2013 Production en tiers-payant<\/h2>\n<p>En cours<\/p>\n<div>\n<p><span style=\"font-family: Times New Roman, sans-serif;\"><span style=\"font-size: medium;\"><span style=\"color: #002c29;\"><span style=\"font-family: Calibri, sans-serif;\">Le Pr\u00e9histomuseum, nich\u00e9 \u00e0 Fl\u00e9malle pr\u00e8s de Li\u00e8ge, en bord de la Meuse, abrite plus d\u2019un million d\u2019objets arch\u00e9ologiques. Leur conservation \u00e0 une temp\u00e9rature et un taux d\u2019humidit\u00e9 constants entra\u00eene une importante consommation d\u2019\u00e9nergie, co\u00fbteuse tant sur le plan financier qu\u2019environnemental. L\u2019id\u00e9e a donc \u00e9merg\u00e9 d\u2019installer des panneaux solaires sur l\u2019imposant toit du b\u00e2timent.<\/span><\/span><\/span><\/span><span style=\"font-family: Times New Roman, sans-serif;\"><span style=\"font-size: medium;\"><span style=\"color: #002c29;\"><span style=\"font-family: Calibri, sans-serif;\"><\/span><\/span><\/span><\/span><\/p>\n<\/div>\n<p><a href=\"\/index.php\/prehistomuseum\/\">En savoir plus<\/a><\/p>\n<\/li>\n<li>\n<p><img decoding=\"async\" src=\"\/wp-content\/uploads\/2024\/06\/bayards-1-scaled.jpg\" alt=\"\"><\/p>\n<h2>La ruche des bayards \u2013 Production en tiers-payant<\/h2>\n<p>En cours<\/p>\n<div>\n<p><span style=\"color: #002c29;\"><span style=\"font-family: Calibri, sans-serif;\"><span style=\"font-size: medium;\">Bas\u00e9e \u00e0 Li\u00e8ge, la coop\u00e9rative LES BIENS COMMUNAUX fait appel \u00e0 l\u2019\u00e9pargne citoyenne pour cr\u00e9er des lieux de vie et de travail pour les associations et les petites structures cr\u00e9atives.<\/span><\/span><\/span><\/p>\n<\/div>\n<p><a href=\"\/index.php\/ruche\/\">En savoir plus<\/a><\/p>\n<\/li>\n<li>\n<p><img decoding=\"async\" src=\"\/wp-content\/uploads\/2024\/06\/menuiserie-1-scaled.jpg\" alt=\"\"><\/p>\n<h2>La menuiserie \u2013 Production en tiers-payant<\/h2>\n<p>En cours<\/p>\n<div>\n<p><span style=\"color: #002c29;\"><span style=\"font-family: Calibri, sans-serif;\"><span style=\"font-size: medium;\">Bas\u00e9e \u00e0 Li\u00e8ge, la coop\u00e9rative Novacitis a \u00ab\u00a0pour ambition d&rsquo;activer et d&rsquo;acc\u00e9l\u00e9rer la transition vers une \u00e9conomie soutenable par un entrepreneuriat porteur d\u2019une dynamique d\u2019int\u00e9r\u00eat collectif.\u00a0\u00bb <\/span><\/span><\/span><span style=\"color: #002c29;\"><span style=\"font-family: Calibri, sans-serif;\"><span style=\"font-size: medium;\"><\/span><\/span><\/span><\/p>\n<\/div>\n<p><a href=\"\/index.php\/menuiserie\/\">En savoir plus<\/a><\/p>\n<\/li>\n<li>\n<p><img decoding=\"async\" src=\"\/wp-content\/uploads\/2024\/06\/CourStAntoine_Flamenc_Wikicommons_CCBYSA30-scaled.jpeg\" alt=\"\"><\/p>\n<h2>ACP Cour Saint Antoine (Li\u00e8ge centre) &#8211; SIARE<\/h2>\n<p>En cours<\/p>\n<div>\n<p>Au cours de la p\u00e9riode 2020-2022, notre collaboration avec la Cour Saint Antoine visait \u00e0 orienter leur transition \u00e9nerg\u00e9tique. Les propositions envisag\u00e9es comprenaient l\u2019isolation, le remplacement de la chaudi\u00e8re et la production d\u2019\u00e9lectricit\u00e9 (cog\u00e9n\u00e9ration et panneaux photovolta\u00efques). La copropri\u00e9t\u00e9 a d\u00e9cid\u00e9 de se concentrer uniquement sur les besoins les plus urgents, optant pour le remplacement des chaudi\u00e8res.<\/p>\n<\/div>\n<p><a href=\"\/index.php\/acp-antoine\/\">En savoir plus<\/a><\/p>\n<\/li>\n<li>\n<p><img decoding=\"async\" src=\"\/wp-content\/uploads\/2024\/06\/bois-avroy.jpg\" alt=\"\"><\/p>\n<h2>ACP Bois d\u2019Avroy \u2013 b\u00e2timent A (Li\u00e8ge p\u00e9riph\u00e9rie) &#8211; SIARE<\/h2>\n<p>2024-2026<\/p>\n<div>\n<p>Ce b\u00e2timent, compos\u00e9 de 246 appartements et 6 commerces construits entre 1968 et 1970, pr\u00e9sente des d\u00e9fis \u00e9nerg\u00e9tiques majeurs, tels que des murs non isol\u00e9s et des fa\u00e7ades vitr\u00e9es majoritairement en simple vitrage. Les chaudi\u00e8res obsol\u00e8tes fonctionnent au gaz, avec une isolation partielle des conduites de chauffage.<\/p>\n<\/div>\n<p><a href=\"\/index.php\/acp-avroy\/\">En savoir plus<\/a><\/p>\n<\/li>\n<li>\n<p><img decoding=\"async\" src=\"\/wp-content\/uploads\/2024\/06\/Saint-hubert-scaled.jpg\" alt=\"\"><\/p>\n<h2>ACP Saint Hubert (Li\u00e8ge centre) &#8211; SIARE<\/h2>\n<p>En cours<\/p>\n<div>\n<p>Cette copropri\u00e9t\u00e9 de 40 entit\u00e9s occupe un b\u00e2timent habit\u00e9 depuis 2013. La copropri\u00e9t\u00e9 avait trois demandes.<\/p>\n<p><b>Produire <\/b>de l\u2019\u00e9nergie renouvelable avec des panneaux photovolta\u00efques. <b>Comparer <\/b>l\u2019autoconsommation de l\u2019\u00e9nergie pour les communs au partage d\u2019\u00e9nergie entre les habitants. <b>Couvrir <\/b>les besoins \u00e9lectriques des communs.<\/p>\n<\/p>\n<\/div>\n<p><a href=\"\/index.php\/acp-hubert\/\">En savoir plus<\/a><\/p>\n<\/li>\n<\/ul>\n<ul>\n<li>\n<p>50.64767701386974,5.582012677231832<\/p>\n<p><img decoding=\"async\" src=\"\/wp-content\/uploads\/2024\/06\/CourStAntoine_Flamenc_Wikicommons_CCBYSA30-scaled.jpeg\" alt=\"\"><\/p>\n<h3>ACP Cour Saint Antoine \u2013 SIARE<\/h3>\n<p>(Li\u00e8ge centre)<\/p>\n<p><a href=\"#\">View House<\/a><\/p>\n<\/li>\n<li>\n<p>50.62308202387875,5.552314326134534<\/p>\n<p><img decoding=\"async\" src=\"\/wp-content\/uploads\/2024\/06\/bois-avroy.jpg\" alt=\"\"><\/p>\n<h3>ACP Bois d\u2019Avroy \u2013 b\u00e2timent A &#8211; SIARE<\/h3>\n<p>(Li\u00e8ge p\u00e9riph\u00e9rie)<\/p>\n<p><a href=\"#\">View House<\/a><\/p>\n<\/li>\n<li>\n<p>50.64559057200464,5.569112970319782<\/p>\n<p><img decoding=\"async\" src=\"\/wp-content\/uploads\/2024\/06\/Saint-hubert-scaled.jpg\" alt=\"\"><\/p>\n<h3>ACP Saint Hubert \u2013 SIARE<\/h3>\n<p>(Li\u00e8ge centre)<\/p>\n<p><a href=\"#\">View House<\/a><\/p>\n<\/li>\n<li>\n<p>50.735821006828026,5.510240477914498<\/p>\n<p><img decoding=\"async\" src=\"\/wp-content\/uploads\/2024\/06\/juprelle2-scaled.jpg\" alt=\"\"><\/p>\n<h3>Eolienne de Juprelle \u2013 Production<\/h3>\n<p>Route de Glons<\/p>\n<p><a href=\"#\">View House<\/a><\/p>\n<\/li>\n<li>\n<p>50.647342141296704,5.5662578164559475<\/p>\n<p><img decoding=\"async\" src=\"\/wp-content\/uploads\/2024\/06\/menuiserie-1-scaled.jpg\" alt=\"\"><\/p>\n<h3>La menuiserie \u2013 Production en tiers-payant<\/h3>\n<p><a href=\"#\">View House<\/a><\/p>\n<\/li>\n<li>\n<p>50.57890710633227,5.426758641462437<\/p>\n<p><img decoding=\"async\" src=\"\/wp-content\/uploads\/2024\/06\/prehisto-1-scaled.jpg\" alt=\"\"><\/p>\n<h3>Le Pr\u00e9histomuseum \u2013 Production en tiers-payant<\/h3>\n<p><a href=\"#\">View House<\/a><\/p>\n<\/li>\n<li>\n<p>50.65331630465479,5.59987755319318<\/p>\n<p><img decoding=\"async\" src=\"\/wp-content\/uploads\/2024\/06\/bayards-1-scaled.jpg\" alt=\"\"><\/p>\n<h3>La ruche des bayards \u2013 Production en tiers-payant<\/h3>\n<p><a href=\"#\">View House<\/a><\/p>\n<\/li>\n<li>\n<p>51.36349449843041,3.2711566871690807<\/p>\n<p><img decoding=\"async\" src=\"\/wp-content\/uploads\/2023\/08\/photo29-scaled.jpg\" alt=\"\"><\/p>\n<h3>Seecoop<\/h3>\n<p><a href=\"#\">View House<\/a><\/p>\n<\/li>\n<\/ul>\n<p><!--more--><br \/>\n<!-- {\"type\":\"layout\",\"children\":[{\"type\":\"section\",\"props\":{\"image_loading\":true,\"image_position\":\"top-center\",\"image_size\":\"contain\",\"media_visibility\":\"m\",\"padding\":\"large\",\"style\":\"default\",\"title_breakpoint\":\"xl\",\"title_position\":\"top-left\",\"title_rotation\":\"left\",\"vertical_align\":\"\",\"width\":\"xlarge\"},\"children\":[{\"type\":\"row\",\"children\":[{\"type\":\"column\",\"props\":{\"image_position\":\"center-center\",\"position_sticky_breakpoint\":\"m\"},\"children\":[{\"type\":\"grid\",\"props\":{\"content_column_breakpoint\":\"m\",\"content_margin\":\"medium\",\"filter_align\":\"left\",\"filter_all\":true,\"filter_grid_breakpoint\":\"m\",\"filter_grid_width\":\"auto\",\"filter_position\":\"top\",\"filter_style\":\"tab\",\"grid_column_gap\":\"large\",\"grid_default\":\"1\",\"grid_medium\":\"3\",\"grid_row_gap\":\"large\",\"grid_small\":\"2\",\"icon_width\":80,\"image_align\":\"top\",\"image_grid_breakpoint\":\"m\",\"image_grid_width\":\"1-2\",\"image_link\":true,\"image_svg_color\":\"emphasis\",\"image_width\":\"610\",\"item_animation\":true,\"link_margin\":\"medium\",\"link_style\":\"text\",\"link_text\":\"En savoir plus\",\"margin\":\"default\",\"meta_align\":\"below-title\",\"meta_element\":\"div\",\"meta_style\":\"text-meta\",\"panel_expand\":\"content\",\"parallax_easing\":\"1\",\"show_content\":true,\"show_image\":true,\"show_link\":true,\"show_meta\":true,\"show_title\":true,\"title_align\":\"top\",\"title_element\":\"h2\",\"title_grid_breakpoint\":\"m\",\"title_grid_width\":\"1-2\",\"title_hover_style\":\"reset\",\"title_link\":true,\"title_margin\":\"medium\",\"title_style\":\"h3\"},\"children\":[{\"type\":\"grid_item\",\"props\":{\"content\":\"\n\n<p><span style=\\\"font-family: Times New Roman, sans-serif;\\\"><span style=\\\"font-size: medium;\\\"><span style=\\\"color: #002c29;\\\"><span style=\\\"font-family: Calibri, sans-serif;\\\">L'\\u00e9olienne de Juprelle est un de nos premiers investissements. Afin de renforcer le d\\u00e9marrage de CoopERLiC, HesbEnergie nous a propos\\u00e9 de participer \\u00e0 leur projet. Cela fait l\\u2019objet d\\u2019un beau partage d\\u2019expertise. Merci \\u00e0 eux.<\\\/span><\\\/span><\\\/span><\\\/span><\\\/p>\\n\n\n<p><span style=\\\"font-family: Times New Roman, sans-serif;\\\"><span style=\\\"font-size: medium;\\\"><span style=\\\"color: #002c29;\\\"><span style=\\\"font-family: Calibri, sans-serif;\\\">L\\u2019\\u00e9olienne se situe route de Glons \\u00e0 Juprelle.<\\\/span><\\\/span><\\\/span><\\\/span><\\\/p>\",\"image\":\"wp-content\\\/uploads\\\/2024\\\/06\\\/juprelle2-scaled.jpg\",\"item_element\":\"article\",\"link\":\"index.php\\\/juprelle\\\/\",\"meta\":\"En cours\",\"title\":\"Eolienne de Juprelle \\u2013 Production\"}},{\"type\":\"grid_item\",\"props\":{\"content\":\"\n\n<p><span style=\\\"font-family: Times New Roman, sans-serif;\\\"><span style=\\\"font-size: medium;\\\"><span style=\\\"color: #002c29;\\\"><span style=\\\"font-family: Calibri, sans-serif;\\\">Le Pr\\u00e9histomuseum, nich\\u00e9 \\u00e0 Fl\\u00e9malle pr\\u00e8s de Li\\u00e8ge, en bord de la Meuse, abrite plus d\\u2019un million d\\u2019objets arch\\u00e9ologiques. Leur conservation \\u00e0 une temp\\u00e9rature et un taux d\\u2019humidit\\u00e9 constants entra\\u00eene une importante consommation d\\u2019\\u00e9nergie, co\\u00fbteuse tant sur le plan financier qu\\u2019environnemental. L\\u2019id\\u00e9e a donc \\u00e9merg\\u00e9 d\\u2019installer des panneaux solaires sur l\\u2019imposant toit du b\\u00e2timent.<\\\/span><\\\/span><\\\/span><\\\/span><span style=\\\"font-family: Times New Roman, sans-serif;\\\"><span style=\\\"font-size: medium;\\\"><span style=\\\"color: #002c29;\\\"><span style=\\\"font-family: Calibri, sans-serif;\\\"><\\\/span><\\\/span><\\\/span><\\\/span><\\\/p>\",\"image\":\"wp-content\\\/uploads\\\/2024\\\/06\\\/prehisto-1-scaled.jpg\",\"item_element\":\"article\",\"link\":\"index.php\\\/prehistomuseum\\\/\",\"meta\":\"En cours\",\"title\":\"Le Pr\\u00e9histomuseum \\u2013 Production en tiers-payant\"}},{\"type\":\"grid_item\",\"props\":{\"content\":\"\n\n<p><span style=\\\"color: #002c29;\\\"><span style=\\\"font-family: Calibri, sans-serif;\\\"><span style=\\\"font-size: medium;\\\">Bas\\u00e9e \\u00e0 Li\\u00e8ge, la coop\\u00e9rative LES BIENS COMMUNAUX fait appel \\u00e0 l\\u2019\\u00e9pargne citoyenne pour cr\\u00e9er des lieux de vie et de travail pour les associations et les petites structures cr\\u00e9atives.<\\\/span><\\\/span><\\\/span><\\\/p>\",\"image\":\"wp-content\\\/uploads\\\/2024\\\/06\\\/bayards-1-scaled.jpg\",\"item_element\":\"article\",\"link\":\"index.php\\\/ruche\\\/\",\"meta\":\"En cours\",\"title\":\"La ruche des bayards \\u2013 Production en tiers-payant\"}},{\"type\":\"grid_item\",\"props\":{\"content\":\"\n\n<p><span style=\\\"color: #002c29;\\\"><span style=\\\"font-family: Calibri, sans-serif;\\\"><span style=\\\"font-size: medium;\\\">Bas\\u00e9e \\u00e0 Li\\u00e8ge, la coop\\u00e9rative Novacitis a \\\"pour ambition d'activer et d'acc\\u00e9l\\u00e9rer la transition vers une \\u00e9conomie soutenable par un entrepreneuriat porteur d\\u2019une dynamique d\\u2019int\\u00e9r\\u00eat collectif.\\\" <\\\/span><\\\/span><\\\/span><span style=\\\"color: #002c29;\\\"><span style=\\\"font-family: Calibri, sans-serif;\\\"><span style=\\\"font-size: medium;\\\"><\\\/span><\\\/span><\\\/span><\\\/p>\",\"image\":\"wp-content\\\/uploads\\\/2024\\\/06\\\/menuiserie-1-scaled.jpg\",\"item_element\":\"article\",\"link\":\"index.php\\\/menuiserie\\\/\",\"meta\":\"En cours\",\"title\":\"La menuiserie \\u2013 Production en tiers-payant\"}},{\"type\":\"grid_item\",\"props\":{\"content\":\"\n\n<p>Au cours de la p\\u00e9riode 2020-2022, notre collaboration avec la Cour Saint Antoine visait \\u00e0 orienter leur transition \\u00e9nerg\\u00e9tique. Les propositions envisag\\u00e9es comprenaient l\\u2019isolation, le remplacement de la chaudi\\u00e8re et la production d\\u2019\\u00e9lectricit\\u00e9 (cog\\u00e9n\\u00e9ration et panneaux photovolta\\u00efques). La copropri\\u00e9t\\u00e9 a d\\u00e9cid\\u00e9 de se concentrer uniquement sur les besoins les plus urgents, optant pour le remplacement des chaudi\\u00e8res.<\\\/p>\",\"image\":\"wp-content\\\/uploads\\\/2024\\\/06\\\/CourStAntoine_Flamenc_Wikicommons_CCBYSA30-scaled.jpeg\",\"item_element\":\"article\",\"link\":\"index.php\\\/acp-antoine\\\/\",\"meta\":\"En cours\",\"title\":\"ACP Cour Saint Antoine (Li\\u00e8ge centre) - SIARE\"}},{\"type\":\"grid_item\",\"props\":{\"content\":\"\n\n<p>Ce b\\u00e2timent, compos\\u00e9 de 246 appartements et 6 commerces construits entre 1968 et 1970, pr\\u00e9sente des d\\u00e9fis \\u00e9nerg\\u00e9tiques majeurs, tels que des murs non isol\\u00e9s et des fa\\u00e7ades vitr\\u00e9es majoritairement en simple vitrage. Les chaudi\\u00e8res obsol\\u00e8tes fonctionnent au gaz, avec une isolation partielle des conduites de chauffage.<\\\/p>\",\"image\":\"wp-content\\\/uploads\\\/2024\\\/06\\\/bois-avroy.jpg\",\"item_element\":\"article\",\"link\":\"index.php\\\/acp-avroy\\\/\",\"meta\":\"2024-2026\",\"title\":\"ACP Bois d\\u2019Avroy \\u2013 b\\u00e2timent A (Li\\u00e8ge p\\u00e9riph\\u00e9rie) - SIARE\"}},{\"type\":\"grid_item\",\"props\":{\"content\":\"\n\n<p>Cette copropri\\u00e9t\\u00e9 de 40 entit\\u00e9s occupe un b\\u00e2timent habit\\u00e9 depuis 2013. La copropri\\u00e9t\\u00e9 avait trois demandes.<\\\/p>\\n\n\n<p><b>Produire <\\\/b>de l\\u2019\\u00e9nergie renouvelable avec des panneaux photovolta\\u00efques. <b>Comparer <\\\/b>l\\u2019autoconsommation de l\\u2019\\u00e9nergie pour les communs au partage d\\u2019\\u00e9nergie entre les habitants. <b>Couvrir <\\\/b>les besoins \\u00e9lectriques des communs.<\\\/p>\\n\n\n<p><\\\/p>\",\"image\":\"wp-content\\\/uploads\\\/2024\\\/06\\\/Saint-hubert-scaled.jpg\",\"item_element\":\"article\",\"link\":\"index.php\\\/acp-hubert\\\/\",\"meta\":\"En cours\",\"title\":\"ACP Saint Hubert (Li\\u00e8ge centre) - SIARE\"}}]}]}]}],\"name\":\"Posts\"},{\"type\":\"section\",\"props\":{\"image_position\":\"center-center\",\"style\":\"secondary\",\"title_breakpoint\":\"xl\",\"title_position\":\"top-left\",\"title_rotation\":\"left\",\"vertical_align\":\"middle\",\"width\":\"default\"},\"children\":[{\"type\":\"row\",\"children\":[{\"type\":\"column\",\"props\":{\"image_position\":\"center-center\",\"position_sticky_breakpoint\":\"m\"},\"children\":[{\"name\":\"Nos r\\u00e9alisations\",\"type\":\"map\",\"children\":[{\"type\":\"map_item\",\"props\":{\"image\":\"wp-content\\\/uploads\\\/2024\\\/06\\\/CourStAntoine_Flamenc_Wikicommons_CCBYSA30-scaled.jpeg\",\"link\":\"#\",\"location\":\"50.64767701386974,5.582012677231832\",\"meta\":\"(Li\\u00e8ge centre)\",\"title\":\"ACP Cour Saint Antoine \\u2013 SIARE\"}},{\"type\":\"map_item\",\"props\":{\"image\":\"wp-content\\\/uploads\\\/2024\\\/06\\\/bois-avroy.jpg\",\"link\":\"#\",\"location\":\"50.62308202387875,5.552314326134534\",\"meta\":\"(Li\\u00e8ge p\\u00e9riph\\u00e9rie)\",\"title\":\"ACP Bois d\\u2019Avroy \\u2013 b\\u00e2timent A - SIARE\"}},{\"type\":\"map_item\",\"props\":{\"image\":\"wp-content\\\/uploads\\\/2024\\\/06\\\/Saint-hubert-scaled.jpg\",\"link\":\"#\",\"location\":\"50.64559057200464,5.569112970319782\",\"meta\":\"(Li\\u00e8ge centre)\",\"title\":\"ACP Saint Hubert \\u2013 SIARE\"}},{\"type\":\"map_item\",\"props\":{\"image\":\"wp-content\\\/uploads\\\/2024\\\/06\\\/juprelle2-scaled.jpg\",\"link\":\"#\",\"location\":\"50.735821006828026,5.510240477914498\",\"meta\":\"Route de Glons\",\"title\":\"Eolienne de Juprelle \\u2013 Production\"}},{\"type\":\"map_item\",\"props\":{\"image\":\"wp-content\\\/uploads\\\/2024\\\/06\\\/menuiserie-1-scaled.jpg\",\"link\":\"#\",\"location\":\"50.647342141296704,5.5662578164559475\",\"title\":\"La menuiserie \\u2013 Production en tiers-payant\"}},{\"type\":\"map_item\",\"props\":{\"image\":\"wp-content\\\/uploads\\\/2024\\\/06\\\/prehisto-1-scaled.jpg\",\"link\":\"#\",\"location\":\"50.57890710633227,5.426758641462437\",\"title\":\"Le Pr\\u00e9histomuseum \\u2013 Production en tiers-payant\"}},{\"type\":\"map_item\",\"props\":{\"image\":\"wp-content\\\/uploads\\\/2024\\\/06\\\/bayards-1-scaled.jpg\",\"link\":\"#\",\"location\":\"50.65331630465479,5.59987755319318\",\"title\":\"La ruche des bayards \\u2013 Production en tiers-payant\"}},{\"type\":\"map_item\",\"props\":{\"image\":\"wp-content\\\/uploads\\\/2023\\\/08\\\/photo29-scaled.jpg\",\"link\":\"#\",\"location\":\"51.36349449843041,3.2711566871690807\",\"title\":\"Seecoop\"}}],\"props\":{\"cluster_icon_1\":\"wp-content\\\/themes\\\/yootheme\\\/packages\\\/theme\\\/assets\\\/images\\\/element-image-placeholder.png\",\"cluster_icon_1_height\":\"48\",\"cluster_icon_1_text_color\":\"#008776\",\"cluster_icon_1_width\":\"48\",\"cluster_icon_2\":\"wp-content\\\/themes\\\/yootheme\\\/packages\\\/theme\\\/assets\\\/images\\\/element-image-placeholder.png\",\"cluster_icon_2_height\":\"48\",\"cluster_icon_2_text_color\":\"#008776\",\"cluster_icon_2_width\":\"48\",\"cluster_icon_3\":\"wp-content\\\/themes\\\/yootheme\\\/packages\\\/theme\\\/assets\\\/images\\\/element-image-placeholder.png\",\"cluster_icon_3_height\":\"48\",\"cluster_icon_3_text_color\":\"#008776\",\"cluster_icon_3_width\":\"48\",\"clustering\":true,\"content_margin\":\"small\",\"content_style\":\"text-meta\",\"controls\":true,\"dragging\":true,\"height\":\"600\",\"image_height\":\"150\",\"image_svg_color\":\"emphasis\",\"image_width\":\"270\",\"link_size\":\"small\",\"link_style\":\"primary\",\"link_text\":\"View House\",\"margin\":\"default\",\"marker_icon\":\"wp-content\\\/uploads\\\/icon-map-marker-accommodation.svg\",\"marker_icon_height\":\"38\",\"marker_icon_width\":\"38\",\"max_zoom\":\"18\",\"meta_align\":\"above-title\",\"meta_color\":\"primary\",\"meta_element\":\"div\",\"meta_style\":\"h6\",\"min_zoom\":\"3\",\"poi\":false,\"popup_max_width\":\"300\",\"show_content\":true,\"show_image\":true,\"show_link\":false,\"show_meta\":true,\"show_title\":true,\"title_element\":\"h3\",\"title_hover_style\":\"reset\",\"title_margin\":\"remove\",\"title_style\":\"h5\",\"type\":\"roadmap\",\"zoom\":\"8\",\"zooming\":true}}]}]}],\"name\":\"Map\"}],\"version\":\"4.4.6\"} --><\/p>\n","protected":false},"excerpt":{"rendered":"<p>Eolienne de Juprelle \u2013 Production En cours L&rsquo;\u00e9olienne de Juprelle est un de nos premiers investissements. Afin de renforcer le d\u00e9marrage de CoopERLiC, HesbEnergie nous a propos\u00e9 de participer \u00e0 leur projet. Cela fait l\u2019objet d\u2019un beau partage d\u2019expertise. Merci \u00e0 eux. L\u2019\u00e9olienne se situe route de Glons \u00e0 Juprelle. En savoir plus Le Pr\u00e9histomuseum [&hellip;]<\/p>\n","protected":false},"author":4,"featured_media":0,"parent":0,"menu_order":0,"comment_status":"closed","ping_status":"closed","template":"","meta":{"footnotes":""},"class_list":["post-97","page","type-page","status-publish","hentry"],"_links":{"self":[{"href":"https:\/\/www.cooperlic.be\/index.php\/wp-json\/wp\/v2\/pages\/97","targetHints":{"allow":["GET"]}}],"collection":[{"href":"https:\/\/www.cooperlic.be\/index.php\/wp-json\/wp\/v2\/pages"}],"about":[{"href":"https:\/\/www.cooperlic.be\/index.php\/wp-json\/wp\/v2\/types\/page"}],"author":[{"embeddable":true,"href":"https:\/\/www.cooperlic.be\/index.php\/wp-json\/wp\/v2\/users\/4"}],"replies":[{"embeddable":true,"href":"https:\/\/www.cooperlic.be\/index.php\/wp-json\/wp\/v2\/comments?post=97"}],"version-history":[{"count":46,"href":"https:\/\/www.cooperlic.be\/index.php\/wp-json\/wp\/v2\/pages\/97\/revisions"}],"predecessor-version":[{"id":903,"href":"https:\/\/www.cooperlic.be\/index.php\/wp-json\/wp\/v2\/pages\/97\/revisions\/903"}],"wp:attachment":[{"href":"https:\/\/www.cooperlic.be\/index.php\/wp-json\/wp\/v2\/media?parent=97"}],"curies":[{"name":"wp","href":"https:\/\/api.w.org\/{rel}","templated":true}]}}